
{"id":3856,"date":"2025-09-09T09:35:38","date_gmt":"2025-09-09T09:35:38","guid":{"rendered":"https:\/\/mediway.ch\/abgabe\/"},"modified":"2026-04-13T09:24:52","modified_gmt":"2026-04-13T09:24:52","slug":"dispensation","status":"publish","type":"page","link":"https:\/\/mediway.ch\/de\/dispensation\/","title":{"rendered":"Selbstdispensation"},"content":{"rendered":"\t\t<div data-elementor-type=\"wp-page\" data-elementor-id=\"3856\" class=\"elementor elementor-3856 elementor-2359\" data-elementor-post-type=\"page\">\n\t\t\t\t<div class=\"elementor-element elementor-element-43f324f e-flex e-con-boxed e-con e-parent\" data-id=\"43f324f\" data-element_type=\"container\" data-settings=\"{&quot;background_background&quot;:&quot;classic&quot;}\">\n\t\t\t\t\t<div class=\"e-con-inner\">\n\t\t\t\t<div class=\"elementor-element elementor-element-8336cca elementor-widget elementor-widget-heading\" data-id=\"8336cca\" data-element_type=\"widget\" data-widget_type=\"heading.default\">\n\t\t\t\t<div class=\"elementor-widget-container\">\n\t\t\t\t\t<h1 class=\"elementor-heading-title elementor-size-default\">Lagerverwaltung und Abgabe<\/h1>\t\t\t\t<\/div>\n\t\t\t\t<\/div>\n\t\t\t\t<div class=\"elementor-element elementor-element-7479856 elementor-widget__width-initial elementor-widget elementor-widget-text-editor\" data-id=\"7479856\" data-element_type=\"widget\" data-widget_type=\"text-editor.default\">\n\t\t\t\t<div class=\"elementor-widget-container\">\n\t\t\t\t\t\t\t\t\t<p>Das Dispensationsmodul erm\u00f6glicht Ihnen eine vereinfachte Lagerverwaltung mit detaillierter R\u00fcckverfolgbarkeit.<\/p>\t\t\t\t\t\t\t\t<\/div>\n\t\t\t\t<\/div>\n\t\t\t\t<div class=\"elementor-element elementor-element-3514dd8 elementor-invisible elementor-widget elementor-widget-image\" data-id=\"3514dd8\" data-element_type=\"widget\" data-settings=\"{&quot;_animation&quot;:&quot;slideInUp&quot;}\" data-widget_type=\"image.default\">\n\t\t\t\t<div class=\"elementor-widget-container\">\n\t\t\t\t\t\t\t\t\t\t\t\t\t\t\t<img fetchpriority=\"high\" decoding=\"async\" width=\"1767\" height=\"536\" src=\"https:\/\/mediway.ch\/wp-content\/uploads\/2026\/04\/gestion-article-de.png\" class=\"attachment-full size-full wp-image-3861\" alt=\"\" srcset=\"https:\/\/mediway.ch\/wp-content\/uploads\/2026\/04\/gestion-article-de.png 1767w, https:\/\/mediway.ch\/wp-content\/uploads\/2026\/04\/gestion-article-de-300x91.png 300w, https:\/\/mediway.ch\/wp-content\/uploads\/2026\/04\/gestion-article-de-1024x311.png 1024w, https:\/\/mediway.ch\/wp-content\/uploads\/2026\/04\/gestion-article-de-768x233.png 768w, https:\/\/mediway.ch\/wp-content\/uploads\/2026\/04\/gestion-article-de-1536x466.png 1536w\" sizes=\"(max-width: 1767px) 100vw, 1767px\" \/>\t\t\t\t\t\t\t\t\t\t\t\t\t\t\t<\/div>\n\t\t\t\t<\/div>\n\t\t\t\t\t<\/div>\n\t\t\t\t<\/div>\n\t\t<div class=\"elementor-element elementor-element-71989b9 e-flex e-con-boxed e-con e-parent\" data-id=\"71989b9\" data-element_type=\"container\">\n\t\t\t\t\t<div class=\"e-con-inner\">\n\t\t<div class=\"elementor-element elementor-element-da3b14d e-con-full e-flex e-con e-child\" data-id=\"da3b14d\" data-element_type=\"container\" data-settings=\"{&quot;background_background&quot;:&quot;classic&quot;}\">\n\t\t\t\t<div class=\"elementor-element elementor-element-010ccb5 elementor-widget elementor-widget-image\" data-id=\"010ccb5\" data-element_type=\"widget\" data-widget_type=\"image.default\">\n\t\t\t\t<div class=\"elementor-widget-container\">\n\t\t\t\t\t\t\t\t\t\t\t\t\t\t\t<img decoding=\"async\" width=\"645\" height=\"454\" src=\"https:\/\/mediway.ch\/wp-content\/uploads\/2025\/09\/logos-passerelle.png\" class=\"attachment-full size-full wp-image-3858\" alt=\"\" srcset=\"https:\/\/mediway.ch\/wp-content\/uploads\/2025\/09\/logos-passerelle.png 645w, https:\/\/mediway.ch\/wp-content\/uploads\/2025\/09\/logos-passerelle-300x211.png 300w\" sizes=\"(max-width: 645px) 100vw, 645px\" \/>\t\t\t\t\t\t\t\t\t\t\t\t\t\t\t<\/div>\n\t\t\t\t<\/div>\n\t\t\t\t<\/div>\n\t\t<div class=\"elementor-element elementor-element-dcde700 e-con-full e-flex e-con e-child\" data-id=\"dcde700\" data-element_type=\"container\">\n\t\t\t\t<div class=\"elementor-element elementor-element-7653295 elementor-widget elementor-widget-heading\" data-id=\"7653295\" data-element_type=\"widget\" data-widget_type=\"heading.default\">\n\t\t\t\t<div class=\"elementor-widget-container\">\n\t\t\t\t\t<h2 class=\"elementor-heading-title elementor-size-default\">Elektronische Schnittstelle f\u00fcr Ihre Bestellungen<\/h2>\t\t\t\t<\/div>\n\t\t\t\t<\/div>\n\t\t\t\t<div class=\"elementor-element elementor-element-2470571 elementor-widget elementor-widget-text-editor\" data-id=\"2470571\" data-element_type=\"widget\" data-widget_type=\"text-editor.default\">\n\t\t\t\t<div class=\"elementor-widget-container\">\n\t\t\t\t\t\t\t\t\t<p>Mediway verf\u00fcgt \u00fcber elektronische Schnittstellen zu den wichtigsten Lieferanten. Sie k\u00f6nnen schnell \u00fcberpr\u00fcfen, ob der Versand der Bestellung reibungslos verlaufen ist.<\/p>\t\t\t\t\t\t\t\t<\/div>\n\t\t\t\t<\/div>\n\t\t\t\t<\/div>\n\t\t\t\t\t<\/div>\n\t\t\t\t<\/div>\n\t\t<div class=\"elementor-element elementor-element-af9f743 e-flex e-con-boxed e-con e-parent\" data-id=\"af9f743\" data-element_type=\"container\">\n\t\t\t\t\t<div class=\"e-con-inner\">\n\t\t<div class=\"elementor-element elementor-element-fadf080 e-con-full e-flex e-con e-child\" data-id=\"fadf080\" data-element_type=\"container\">\n\t\t\t\t<div class=\"elementor-element elementor-element-316ebb9 elementor-widget elementor-widget-heading\" data-id=\"316ebb9\" data-element_type=\"widget\" data-widget_type=\"heading.default\">\n\t\t\t\t<div class=\"elementor-widget-container\">\n\t\t\t\t\t<h2 class=\"elementor-heading-title elementor-size-default\">Wareneingang der bestellten Artikel<\/h2>\t\t\t\t<\/div>\n\t\t\t\t<\/div>\n\t\t\t\t<div class=\"elementor-element elementor-element-58c489b elementor-widget elementor-widget-text-editor\" data-id=\"58c489b\" data-element_type=\"widget\" data-widget_type=\"text-editor.default\">\n\t\t\t\t<div class=\"elementor-widget-container\">\n\t\t\t\t\t\t\t\t\t<p>Der Wareneingang wird vereinfacht und die Bestandsgenauigkeit ist unsere St\u00e4rke.<\/p>\t\t\t\t\t\t\t\t<\/div>\n\t\t\t\t<\/div>\n\t\t\t\t<\/div>\n\t\t<div class=\"elementor-element elementor-element-9ca7cba e-con-full e-flex e-con e-child\" data-id=\"9ca7cba\" data-element_type=\"container\" data-settings=\"{&quot;background_background&quot;:&quot;classic&quot;}\">\n\t\t\t\t<div class=\"elementor-element elementor-element-63ab98a elementor-widget elementor-widget-image\" data-id=\"63ab98a\" data-element_type=\"widget\" data-widget_type=\"image.default\">\n\t\t\t\t<div class=\"elementor-widget-container\">\n\t\t\t\t\t\t\t\t\t\t\t\t\t\t\t<img decoding=\"async\" width=\"1342\" height=\"228\" src=\"https:\/\/mediway.ch\/wp-content\/uploads\/2026\/04\/Reception-articles.png\" class=\"attachment-full size-full wp-image-3859\" alt=\"\" srcset=\"https:\/\/mediway.ch\/wp-content\/uploads\/2026\/04\/Reception-articles.png 1342w, https:\/\/mediway.ch\/wp-content\/uploads\/2026\/04\/Reception-articles-300x51.png 300w, https:\/\/mediway.ch\/wp-content\/uploads\/2026\/04\/Reception-articles-1024x174.png 1024w, https:\/\/mediway.ch\/wp-content\/uploads\/2026\/04\/Reception-articles-768x130.png 768w\" sizes=\"(max-width: 1342px) 100vw, 1342px\" \/>\t\t\t\t\t\t\t\t\t\t\t\t\t\t\t<\/div>\n\t\t\t\t<\/div>\n\t\t\t\t<\/div>\n\t\t\t\t\t<\/div>\n\t\t\t\t<\/div>\n\t\t<div class=\"elementor-element elementor-element-c2fa41f e-flex e-con-boxed e-con e-parent\" data-id=\"c2fa41f\" data-element_type=\"container\">\n\t\t\t\t\t<div class=\"e-con-inner\">\n\t\t<div class=\"elementor-element elementor-element-c90fe41 e-con-full e-flex e-con e-child\" data-id=\"c90fe41\" data-element_type=\"container\" data-settings=\"{&quot;background_background&quot;:&quot;classic&quot;}\">\n\t\t\t\t<div class=\"elementor-element elementor-element-607e62d elementor-widget elementor-widget-image\" data-id=\"607e62d\" data-element_type=\"widget\" data-widget_type=\"image.default\">\n\t\t\t\t<div class=\"elementor-widget-container\">\n\t\t\t\t\t\t\t\t\t\t\t\t\t\t\t<img loading=\"lazy\" decoding=\"async\" width=\"480\" height=\"259\" src=\"https:\/\/mediway.ch\/wp-content\/uploads\/2026\/04\/Tracabilite-de.png\" class=\"attachment-full size-full wp-image-3860\" alt=\"\" srcset=\"https:\/\/mediway.ch\/wp-content\/uploads\/2026\/04\/Tracabilite-de.png 480w, https:\/\/mediway.ch\/wp-content\/uploads\/2026\/04\/Tracabilite-de-300x162.png 300w\" sizes=\"(max-width: 480px) 100vw, 480px\" \/>\t\t\t\t\t\t\t\t\t\t\t\t\t\t\t<\/div>\n\t\t\t\t<\/div>\n\t\t\t\t<\/div>\n\t\t<div class=\"elementor-element elementor-element-aa9b740 e-con-full e-flex e-con e-child\" data-id=\"aa9b740\" data-element_type=\"container\">\n\t\t\t\t<div class=\"elementor-element elementor-element-1c8f9ba elementor-widget elementor-widget-heading\" data-id=\"1c8f9ba\" data-element_type=\"widget\" data-widget_type=\"heading.default\">\n\t\t\t\t<div class=\"elementor-widget-container\">\n\t\t\t\t\t<h2 class=\"elementor-heading-title elementor-size-default\">R\u00fcckverfolgbarkeit und Statistiken<\/h2>\t\t\t\t<\/div>\n\t\t\t\t<\/div>\n\t\t\t\t<div class=\"elementor-element elementor-element-b239200 elementor-widget elementor-widget-text-editor\" data-id=\"b239200\" data-element_type=\"widget\" data-widget_type=\"text-editor.default\">\n\t\t\t\t<div class=\"elementor-widget-container\">\n\t\t\t\t\t\t\t\t\t<p>Sie haben Zugriff auf Statistiken, und die Verwaltung von Bet\u00e4ubungsmitteln gew\u00e4hrleistet Ihnen eine detaillierte End-to-End-R\u00fcckverfolgbarkeit.<\/p>\t\t\t\t\t\t\t\t<\/div>\n\t\t\t\t<\/div>\n\t\t\t\t<\/div>\n\t\t\t\t\t<\/div>\n\t\t\t\t<\/div>\n\t\t<div class=\"elementor-element elementor-element-4496396 e-flex e-con-boxed e-con e-parent\" data-id=\"4496396\" data-element_type=\"container\" data-settings=\"{&quot;background_background&quot;:&quot;gradient&quot;}\">\n\t\t\t\t\t<div class=\"e-con-inner\">\n\t\t\t\t<div class=\"elementor-element elementor-element-9d175ef elementor-widget__width-initial elementor-widget elementor-widget-heading\" data-id=\"9d175ef\" data-element_type=\"widget\" data-widget_type=\"heading.default\">\n\t\t\t\t<div class=\"elementor-widget-container\">\n\t\t\t\t\t<h2 class=\"elementor-heading-title elementor-size-default\">Direkte Integration in einen Roboter<\/h2>\t\t\t\t<\/div>\n\t\t\t\t<\/div>\n\t\t\t\t<div class=\"elementor-element elementor-element-0e4055a elementor-widget__width-initial elementor-widget elementor-widget-text-editor\" data-id=\"0e4055a\" data-element_type=\"widget\" data-widget_type=\"text-editor.default\">\n\t\t\t\t<div class=\"elementor-widget-container\">\n\t\t\t\t\t\t\t\t\t<p>M\u00f6chten Sie einen Roboter installieren oder besitzen Sie bereits einen? Mediway l\u00e4sst sich problemlos integrieren.<\/p>\t\t\t\t\t\t\t\t<\/div>\n\t\t\t\t<\/div>\n\t\t\t\t<div class=\"elementor-element elementor-element-64828ac AnimateButton elementor-widget elementor-widget-button\" data-id=\"64828ac\" data-element_type=\"widget\" data-widget_type=\"button.default\">\n\t\t\t\t<div class=\"elementor-widget-container\">\n\t\t\t\t\t\t\t\t\t<div class=\"elementor-button-wrapper\">\n\t\t\t\t\t<a class=\"elementor-button elementor-button-link elementor-size-sm\" href=\"https:\/\/mediway.ch\/de\/unsere-angebote-auf-einen-blick\/#demo\">\n\t\t\t\t\t\t<span class=\"elementor-button-content-wrapper\">\n\t\t\t\t\t\t<span class=\"elementor-button-icon\">\n\t\t\t\t<svg xmlns=\"http:\/\/www.w3.org\/2000\/svg\" width=\"23\" height=\"23\" viewBox=\"0 0 23 23\" fill=\"none\"><path fill-rule=\"evenodd\" clip-rule=\"evenodd\" d=\"M11.2511 5.25105C11.5858 4.91632 12.1285 4.91632 12.4632 5.25105L18.4632 11.2511C18.798 11.5858 18.798 12.1285 18.4632 12.4632L12.4632 18.4632C12.1285 18.798 11.5858 18.798 11.2511 18.4632C10.9163 18.1285 10.9163 17.5858 11.2511 17.2511L16.645 11.8571L11.2511 6.46323C10.9163 6.1285 10.9163 5.58579 11.2511 5.25105Z\" fill=\"#0C1230\"><\/path><line x1=\"16.15\" y1=\"11.85\" x2=\"4.85\" y2=\"11.85\" stroke=\"#0C1230\" stroke-width=\"1.7\" stroke-linecap=\"round\"><\/line><\/svg>\t\t\t<\/span>\n\t\t\t\t\t\t\t\t\t<span class=\"elementor-button-text\">Mediway erhalten<\/span>\n\t\t\t\t\t<\/span>\n\t\t\t\t\t<\/a>\n\t\t\t\t<\/div>\n\t\t\t\t\t\t\t\t<\/div>\n\t\t\t\t<\/div>\n\t\t\t\t\t<\/div>\n\t\t\t\t<\/div>\n\t\t\t\t<\/div>\n\t\t","protected":false},"excerpt":{"rendered":"<p>Lagerverwaltung und Abgabe Das Dispensationsmodul erm\u00f6glicht Ihnen eine vereinfachte Lagerverwaltung mit detaillierter R\u00fcckverfolgbarkeit. Elektronische Schnittstelle f\u00fcr Ihre Bestellungen Mediway verf\u00fcgt \u00fcber elektronische Schnittstellen zu den wichtigsten Lieferanten. Sie k\u00f6nnen schnell \u00fcberpr\u00fcfen, ob der Versand der Bestellung reibungslos verlaufen ist. Wareneingang der bestellten Artikel Der Wareneingang wird vereinfacht und die Bestandsgenauigkeit ist unsere St\u00e4rke. R\u00fcckverfolgbarkeit und [&hellip;]<\/p>\n","protected":false},"author":1,"featured_media":0,"parent":0,"menu_order":0,"comment_status":"closed","ping_status":"closed","template":"","meta":{"_acf_changed":false,"footnotes":""},"class_list":["post-3856","page","type-page","status-publish","hentry"],"acf":[],"_links":{"self":[{"href":"https:\/\/mediway.ch\/de\/wp-json\/wp\/v2\/pages\/3856","targetHints":{"allow":["GET"]}}],"collection":[{"href":"https:\/\/mediway.ch\/de\/wp-json\/wp\/v2\/pages"}],"about":[{"href":"https:\/\/mediway.ch\/de\/wp-json\/wp\/v2\/types\/page"}],"author":[{"embeddable":true,"href":"https:\/\/mediway.ch\/de\/wp-json\/wp\/v2\/users\/1"}],"replies":[{"embeddable":true,"href":"https:\/\/mediway.ch\/de\/wp-json\/wp\/v2\/comments?post=3856"}],"version-history":[{"count":3,"href":"https:\/\/mediway.ch\/de\/wp-json\/wp\/v2\/pages\/3856\/revisions"}],"predecessor-version":[{"id":4128,"href":"https:\/\/mediway.ch\/de\/wp-json\/wp\/v2\/pages\/3856\/revisions\/4128"}],"wp:attachment":[{"href":"https:\/\/mediway.ch\/de\/wp-json\/wp\/v2\/media?parent=3856"}],"curies":[{"name":"wp","href":"https:\/\/api.w.org\/{rel}","templated":true}]}}