
{"id":3862,"date":"2025-04-28T13:17:03","date_gmt":"2025-04-28T13:17:03","guid":{"rendered":"https:\/\/mediway.ch\/termine\/"},"modified":"2026-04-15T13:55:07","modified_gmt":"2026-04-15T13:55:07","slug":"termine","status":"publish","type":"page","link":"https:\/\/mediway.ch\/de\/termine\/","title":{"rendered":"Termine"},"content":{"rendered":"\t\t<div data-elementor-type=\"wp-page\" data-elementor-id=\"3862\" class=\"elementor elementor-3862 elementor-1418\" data-elementor-post-type=\"page\">\n\t\t\t\t<div class=\"elementor-element elementor-element-c68af96 e-flex e-con-boxed e-con e-parent\" data-id=\"c68af96\" data-element_type=\"container\" data-settings=\"{&quot;background_background&quot;:&quot;classic&quot;}\">\n\t\t\t\t\t<div class=\"e-con-inner\">\n\t\t\t\t<div class=\"elementor-element elementor-element-fc6664e elementor-widget elementor-widget-heading\" data-id=\"fc6664e\" data-element_type=\"widget\" data-widget_type=\"heading.default\">\n\t\t\t\t<div class=\"elementor-widget-container\">\n\t\t\t\t\t<h1 class=\"elementor-heading-title elementor-size-default\">Terminverwaltung<\/h1>\t\t\t\t<\/div>\n\t\t\t\t<\/div>\n\t\t\t\t<div class=\"elementor-element elementor-element-47fa7ef elementor-widget__width-initial elementor-widget elementor-widget-text-editor\" data-id=\"47fa7ef\" data-element_type=\"widget\" data-widget_type=\"text-editor.default\">\n\t\t\t\t<div class=\"elementor-widget-container\">\n\t\t\t\t\t\t\t\t\t<p>Das vollst\u00e4ndig integrierte und visuell optimierte Kalender-Modul bietet jedem Nutzer die M\u00f6glichkeit, seine Einstellungen zu personalisieren.<\/p>\t\t\t\t\t\t\t\t<\/div>\n\t\t\t\t<\/div>\n\t\t\t\t<div class=\"elementor-element elementor-element-006eff7 elementor-invisible elementor-widget elementor-widget-image\" data-id=\"006eff7\" data-element_type=\"widget\" data-settings=\"{&quot;_animation&quot;:&quot;slideInUp&quot;}\" data-widget_type=\"image.default\">\n\t\t\t\t<div class=\"elementor-widget-container\">\n\t\t\t\t\t\t\t\t\t\t\t\t\t\t\t<img fetchpriority=\"high\" decoding=\"async\" width=\"1326\" height=\"402\" src=\"https:\/\/mediway.ch\/wp-content\/uploads\/2026\/04\/RDV.png\" class=\"attachment-full size-full wp-image-3864\" alt=\"\" srcset=\"https:\/\/mediway.ch\/wp-content\/uploads\/2026\/04\/RDV.png 1326w, https:\/\/mediway.ch\/wp-content\/uploads\/2026\/04\/RDV-300x91.png 300w, https:\/\/mediway.ch\/wp-content\/uploads\/2026\/04\/RDV-1024x310.png 1024w, https:\/\/mediway.ch\/wp-content\/uploads\/2026\/04\/RDV-768x233.png 768w\" sizes=\"(max-width: 1326px) 100vw, 1326px\" \/>\t\t\t\t\t\t\t\t\t\t\t\t\t\t\t<\/div>\n\t\t\t\t<\/div>\n\t\t\t\t\t<\/div>\n\t\t\t\t<\/div>\n\t\t<div class=\"elementor-element elementor-element-6855281 e-flex e-con-boxed e-con e-parent\" data-id=\"6855281\" data-element_type=\"container\">\n\t\t\t\t\t<div class=\"e-con-inner\">\n\t\t\t\t<div class=\"elementor-element elementor-element-b541069 elementor-widget__width-initial elementor-widget elementor-widget-heading\" data-id=\"b541069\" data-element_type=\"widget\" data-widget_type=\"heading.default\">\n\t\t\t\t<div class=\"elementor-widget-container\">\n\t\t\t\t\t<h2 class=\"elementor-heading-title elementor-size-default\">Einfach planen,<span style=\"color:#8594AB\"> vollst\u00e4ndig verwalten<\/span><\/h2>\t\t\t\t<\/div>\n\t\t\t\t<\/div>\n\t\t\t\t<div class=\"elementor-element elementor-element-61d0616 elementor-widget__width-initial elementor-widget elementor-widget-text-editor\" data-id=\"61d0616\" data-element_type=\"widget\" data-widget_type=\"text-editor.default\">\n\t\t\t\t<div class=\"elementor-widget-container\">\n\t\t\t\t\t\t\t\t\t<p>Organisieren Sie Ihre Termine effizient dank erweiterter Funktionen.<\/p>\t\t\t\t\t\t\t\t<\/div>\n\t\t\t\t<\/div>\n\t\t\t\t\t<\/div>\n\t\t\t\t<\/div>\n\t\t<div class=\"elementor-element elementor-element-399290b e-flex e-con-boxed e-con e-parent\" data-id=\"399290b\" data-element_type=\"container\">\n\t\t\t\t\t<div class=\"e-con-inner\">\n\t\t<div class=\"elementor-element elementor-element-0b5e0b6 e-con-full e-flex e-con e-child\" data-id=\"0b5e0b6\" data-element_type=\"container\" data-settings=\"{&quot;background_background&quot;:&quot;classic&quot;}\">\n\t\t\t\t<div class=\"elementor-element elementor-element-43a4233 elementor-widget elementor-widget-image\" data-id=\"43a4233\" data-element_type=\"widget\" data-widget_type=\"image.default\">\n\t\t\t\t<div class=\"elementor-widget-container\">\n\t\t\t\t\t\t\t\t\t\t\t\t\t\t\t<img decoding=\"async\" width=\"683\" height=\"266\" src=\"https:\/\/mediway.ch\/wp-content\/uploads\/2025\/09\/plateformes.png\" class=\"attachment-full size-full wp-image-3874\" alt=\"\" srcset=\"https:\/\/mediway.ch\/wp-content\/uploads\/2025\/09\/plateformes.png 683w, https:\/\/mediway.ch\/wp-content\/uploads\/2025\/09\/plateformes-300x117.png 300w\" sizes=\"(max-width: 683px) 100vw, 683px\" \/>\t\t\t\t\t\t\t\t\t\t\t\t\t\t\t<\/div>\n\t\t\t\t<\/div>\n\t\t\t\t<div class=\"elementor-element elementor-element-6ff9fb3 elementor-widget elementor-widget-heading\" data-id=\"6ff9fb3\" data-element_type=\"widget\" data-widget_type=\"heading.default\">\n\t\t\t\t<div class=\"elementor-widget-container\">\n\t\t\t\t\t<h4 class=\"elementor-heading-title elementor-size-default\">Synchronisieren Sie Ihre Termine mit externen Plattformen<\/h4>\t\t\t\t<\/div>\n\t\t\t\t<\/div>\n\t\t\t\t<\/div>\n\t\t<div class=\"elementor-element elementor-element-4a037a2 e-con-full e-flex e-con e-child\" data-id=\"4a037a2\" data-element_type=\"container\" data-settings=\"{&quot;background_background&quot;:&quot;classic&quot;}\">\n\t\t\t\t<div class=\"elementor-element elementor-element-e47cf73 elementor-widget elementor-widget-image\" data-id=\"e47cf73\" data-element_type=\"widget\" data-widget_type=\"image.default\">\n\t\t\t\t<div class=\"elementor-widget-container\">\n\t\t\t\t\t\t\t\t\t\t\t\t\t\t\t<img decoding=\"async\" width=\"310\" height=\"328\" src=\"https:\/\/mediway.ch\/wp-content\/uploads\/2025\/04\/mp_rdv-portrait-2.png\" class=\"attachment-full size-full wp-image-3866\" alt=\"\" srcset=\"https:\/\/mediway.ch\/wp-content\/uploads\/2025\/04\/mp_rdv-portrait-2.png 310w, https:\/\/mediway.ch\/wp-content\/uploads\/2025\/04\/mp_rdv-portrait-2-284x300.png 284w\" sizes=\"(max-width: 310px) 100vw, 310px\" \/>\t\t\t\t\t\t\t\t\t\t\t\t\t\t\t<\/div>\n\t\t\t\t<\/div>\n\t\t\t\t<div class=\"elementor-element elementor-element-402d779 elementor-widget elementor-widget-heading\" data-id=\"402d779\" data-element_type=\"widget\" data-widget_type=\"heading.default\">\n\t\t\t\t<div class=\"elementor-widget-container\">\n\t\t\t\t\t<h4 class=\"elementor-heading-title elementor-size-default\">\u00dcbermitteln Sie Termininformationen schnell und einfach in der Meditools Patient App<\/h4>\t\t\t\t<\/div>\n\t\t\t\t<\/div>\n\t\t\t\t<\/div>\n\t\t\t\t\t<\/div>\n\t\t\t\t<\/div>\n\t\t<div class=\"elementor-element elementor-element-2ca87ad e-flex e-con-boxed e-con e-parent\" data-id=\"2ca87ad\" data-element_type=\"container\">\n\t\t\t\t\t<div class=\"e-con-inner\">\n\t\t<div class=\"elementor-element elementor-element-41df369 e-con-full e-flex e-con e-child\" data-id=\"41df369\" data-element_type=\"container\" data-settings=\"{&quot;background_background&quot;:&quot;classic&quot;}\">\n\t\t<div class=\"elementor-element elementor-element-7af2328 e-con-full e-flex e-con e-child\" data-id=\"7af2328\" data-element_type=\"container\">\n\t\t\t\t<div class=\"elementor-element elementor-element-ea7e63d elementor-widget elementor-widget-heading\" data-id=\"ea7e63d\" data-element_type=\"widget\" data-widget_type=\"heading.default\">\n\t\t\t\t<div class=\"elementor-widget-container\">\n\t\t\t\t\t<h4 class=\"elementor-heading-title elementor-size-default\">Sehen und verwalten Sie Ihre Termine \u00fcber Ihr Smartphone<\/h4>\t\t\t\t<\/div>\n\t\t\t\t<\/div>\n\t\t\t\t<\/div>\n\t\t\t\t<div class=\"elementor-element elementor-element-7c84562 elementor-widget elementor-widget-image\" data-id=\"7c84562\" data-element_type=\"widget\" data-widget_type=\"image.default\">\n\t\t\t\t<div class=\"elementor-widget-container\">\n\t\t\t\t\t\t\t\t\t\t\t\t\t\t\t<img loading=\"lazy\" decoding=\"async\" width=\"400\" height=\"508\" src=\"https:\/\/mediway.ch\/wp-content\/uploads\/2025\/04\/Calendar-portrait-3-1.png\" class=\"attachment-full size-full wp-image-3867\" alt=\"\" srcset=\"https:\/\/mediway.ch\/wp-content\/uploads\/2025\/04\/Calendar-portrait-3-1.png 400w, https:\/\/mediway.ch\/wp-content\/uploads\/2025\/04\/Calendar-portrait-3-1-236x300.png 236w\" sizes=\"(max-width: 400px) 100vw, 400px\" \/>\t\t\t\t\t\t\t\t\t\t\t\t\t\t\t<\/div>\n\t\t\t\t<\/div>\n\t\t\t\t<\/div>\n\t\t<div class=\"elementor-element elementor-element-8266668 e-con-full e-flex e-con e-child\" data-id=\"8266668\" data-element_type=\"container\" data-settings=\"{&quot;background_background&quot;:&quot;classic&quot;}\">\n\t\t\t\t<div class=\"elementor-element elementor-element-1006997 elementor-widget elementor-widget-image\" data-id=\"1006997\" data-element_type=\"widget\" data-widget_type=\"image.default\">\n\t\t\t\t<div class=\"elementor-widget-container\">\n\t\t\t\t\t\t\t\t\t\t\t\t\t\t\t<img loading=\"lazy\" decoding=\"async\" width=\"372\" height=\"109\" src=\"https:\/\/mediway.ch\/wp-content\/uploads\/2025\/09\/Bubble-Container.png\" class=\"attachment-full size-full wp-image-3872\" alt=\"\" srcset=\"https:\/\/mediway.ch\/wp-content\/uploads\/2025\/09\/Bubble-Container.png 372w, https:\/\/mediway.ch\/wp-content\/uploads\/2025\/09\/Bubble-Container-300x88.png 300w\" sizes=\"(max-width: 372px) 100vw, 372px\" \/>\t\t\t\t\t\t\t\t\t\t\t\t\t\t\t<\/div>\n\t\t\t\t<\/div>\n\t\t\t\t<div class=\"elementor-element elementor-element-88980a2 elementor-hidden-tablet elementor-widget elementor-widget-spacer\" data-id=\"88980a2\" data-element_type=\"widget\" data-widget_type=\"spacer.default\">\n\t\t\t\t<div class=\"elementor-widget-container\">\n\t\t\t\t\t\t\t<div class=\"elementor-spacer\">\n\t\t\t<div class=\"elementor-spacer-inner\"><\/div>\n\t\t<\/div>\n\t\t\t\t\t\t<\/div>\n\t\t\t\t<\/div>\n\t\t\t\t<div class=\"elementor-element elementor-element-9fae7d7 elementor-widget elementor-widget-heading\" data-id=\"9fae7d7\" data-element_type=\"widget\" data-widget_type=\"heading.default\">\n\t\t\t\t<div class=\"elementor-widget-container\">\n\t\t\t\t\t<h4 class=\"elementor-heading-title elementor-size-default\">Reduzieren Sie Ausf\u00e4lle durch den automatischen Versand von Erinnerungen an Patienten<\/h4>\t\t\t\t<\/div>\n\t\t\t\t<\/div>\n\t\t\t\t<\/div>\n\t\t\t\t\t<\/div>\n\t\t\t\t<\/div>\n\t\t<div class=\"elementor-element elementor-element-11fcfdd e-flex e-con-boxed e-con e-parent\" data-id=\"11fcfdd\" data-element_type=\"container\">\n\t\t\t\t\t<div class=\"e-con-inner\">\n\t\t<div class=\"elementor-element elementor-element-bdeb89b e-con-full e-flex e-con e-child\" data-id=\"bdeb89b\" data-element_type=\"container\" data-settings=\"{&quot;background_background&quot;:&quot;classic&quot;}\">\n\t\t\t\t<div class=\"elementor-element elementor-element-4a77dfc elementor-widget elementor-widget-image\" data-id=\"4a77dfc\" data-element_type=\"widget\" data-widget_type=\"image.default\">\n\t\t\t\t<div class=\"elementor-widget-container\">\n\t\t\t\t\t\t\t\t\t\t\t\t\t\t\t<img loading=\"lazy\" decoding=\"async\" width=\"542\" height=\"126\" src=\"https:\/\/mediway.ch\/wp-content\/uploads\/2026\/04\/agenda-multiple.png\" class=\"attachment-full size-full wp-image-3869\" alt=\"\" srcset=\"https:\/\/mediway.ch\/wp-content\/uploads\/2026\/04\/agenda-multiple.png 542w, https:\/\/mediway.ch\/wp-content\/uploads\/2026\/04\/agenda-multiple-300x70.png 300w\" sizes=\"(max-width: 542px) 100vw, 542px\" \/>\t\t\t\t\t\t\t\t\t\t\t\t\t\t\t<\/div>\n\t\t\t\t<\/div>\n\t\t\t\t<div class=\"elementor-element elementor-element-06a3d34 elementor-widget elementor-widget-heading\" data-id=\"06a3d34\" data-element_type=\"widget\" data-widget_type=\"heading.default\">\n\t\t\t\t<div class=\"elementor-widget-container\">\n\t\t\t\t\t<h4 class=\"elementor-heading-title elementor-size-default\">Verwalten Sie die Zeitpl\u00e4ne mehrerer \u00c4rzte oder Fachpersonen ganz einfach<\/h4>\t\t\t\t<\/div>\n\t\t\t\t<\/div>\n\t\t\t\t<\/div>\n\t\t<div class=\"elementor-element elementor-element-9322ff8 e-con-full e-flex e-con e-child\" data-id=\"9322ff8\" data-element_type=\"container\" data-settings=\"{&quot;background_background&quot;:&quot;classic&quot;}\">\n\t\t\t\t<div class=\"elementor-element elementor-element-6a82995 elementor-widget elementor-widget-image\" data-id=\"6a82995\" data-element_type=\"widget\" data-widget_type=\"image.default\">\n\t\t\t\t<div class=\"elementor-widget-container\">\n\t\t\t\t\t\t\t\t\t\t\t\t\t\t\t<img loading=\"lazy\" decoding=\"async\" width=\"361\" height=\"328\" src=\"https:\/\/mediway.ch\/wp-content\/uploads\/2025\/04\/Group-156.png\" class=\"attachment-full size-full wp-image-3871\" alt=\"\" srcset=\"https:\/\/mediway.ch\/wp-content\/uploads\/2025\/04\/Group-156.png 361w, https:\/\/mediway.ch\/wp-content\/uploads\/2025\/04\/Group-156-300x273.png 300w\" sizes=\"(max-width: 361px) 100vw, 361px\" \/>\t\t\t\t\t\t\t\t\t\t\t\t\t\t\t<\/div>\n\t\t\t\t<\/div>\n\t\t<div class=\"elementor-element elementor-element-493f4d6 e-con-full e-flex e-con e-child\" data-id=\"493f4d6\" data-element_type=\"container\">\n\t\t\t\t<div class=\"elementor-element elementor-element-65eac48 elementor-widget elementor-widget-heading\" data-id=\"65eac48\" data-element_type=\"widget\" data-widget_type=\"heading.default\">\n\t\t\t\t<div class=\"elementor-widget-container\">\n\t\t\t\t\t<h4 class=\"elementor-heading-title elementor-size-default\">Geben Sie personalisierte Karten direkt an Patienten aus<\/h4>\t\t\t\t<\/div>\n\t\t\t\t<\/div>\n\t\t\t\t<\/div>\n\t\t\t\t<\/div>\n\t\t\t\t\t<\/div>\n\t\t\t\t<\/div>\n\t\t<div class=\"elementor-element elementor-element-da5fb0a e-flex e-con-boxed e-con e-parent\" data-id=\"da5fb0a\" data-element_type=\"container\" data-settings=\"{&quot;background_background&quot;:&quot;gradient&quot;}\">\n\t\t\t\t\t<div class=\"e-con-inner\">\n\t\t\t\t<div class=\"elementor-element elementor-element-d96e52d elementor-widget__width-initial elementor-widget elementor-widget-heading\" data-id=\"d96e52d\" data-element_type=\"widget\" data-widget_type=\"heading.default\">\n\t\t\t\t<div class=\"elementor-widget-container\">\n\t\t\t\t\t<h2 class=\"elementor-heading-title elementor-size-default\">St\u00e4rken Sie die Kommunikation mit Ihren Patienten<\/h2>\t\t\t\t<\/div>\n\t\t\t\t<\/div>\n\t\t\t\t<div class=\"elementor-element elementor-element-1400682 elementor-widget__width-initial elementor-widget elementor-widget-text-editor\" data-id=\"1400682\" data-element_type=\"widget\" data-widget_type=\"text-editor.default\">\n\t\t\t\t<div class=\"elementor-widget-container\">\n\t\t\t\t\t\t\t\t\t<p>Mediway zentralisiert und optimiert die Terminverwaltung f\u00fcr eine reibungslose Organisation und eine st\u00e4rkere Kommunikation mit Ihren Patienten.<\/p>\t\t\t\t\t\t\t\t<\/div>\n\t\t\t\t<\/div>\n\t\t\t\t<div class=\"elementor-element elementor-element-f648f54 AnimateButton elementor-widget elementor-widget-button\" data-id=\"f648f54\" data-element_type=\"widget\" data-widget_type=\"button.default\">\n\t\t\t\t<div class=\"elementor-widget-container\">\n\t\t\t\t\t\t\t\t\t<div class=\"elementor-button-wrapper\">\n\t\t\t\t\t<a class=\"elementor-button elementor-button-link elementor-size-sm\" href=\"https:\/\/mediway.ch\/de\/unsere-angebote-auf-einen-blick\/#demo\">\n\t\t\t\t\t\t<span class=\"elementor-button-content-wrapper\">\n\t\t\t\t\t\t<span class=\"elementor-button-icon\">\n\t\t\t\t<svg xmlns=\"http:\/\/www.w3.org\/2000\/svg\" width=\"23\" height=\"23\" viewBox=\"0 0 23 23\" fill=\"none\"><path fill-rule=\"evenodd\" clip-rule=\"evenodd\" d=\"M11.2511 5.25105C11.5858 4.91632 12.1285 4.91632 12.4632 5.25105L18.4632 11.2511C18.798 11.5858 18.798 12.1285 18.4632 12.4632L12.4632 18.4632C12.1285 18.798 11.5858 18.798 11.2511 18.4632C10.9163 18.1285 10.9163 17.5858 11.2511 17.2511L16.645 11.8571L11.2511 6.46323C10.9163 6.1285 10.9163 5.58579 11.2511 5.25105Z\" fill=\"#0C1230\"><\/path><line x1=\"16.15\" y1=\"11.85\" x2=\"4.85\" y2=\"11.85\" stroke=\"#0C1230\" stroke-width=\"1.7\" stroke-linecap=\"round\"><\/line><\/svg>\t\t\t<\/span>\n\t\t\t\t\t\t\t\t\t<span class=\"elementor-button-text\">Mediway erhalten<\/span>\n\t\t\t\t\t<\/span>\n\t\t\t\t\t<\/a>\n\t\t\t\t<\/div>\n\t\t\t\t\t\t\t\t<\/div>\n\t\t\t\t<\/div>\n\t\t\t\t\t<\/div>\n\t\t\t\t<\/div>\n\t\t\t\t<\/div>\n\t\t","protected":false},"excerpt":{"rendered":"<p>Terminverwaltung Das vollst\u00e4ndig integrierte und visuell optimierte Kalender-Modul bietet jedem Nutzer die M\u00f6glichkeit, seine Einstellungen zu personalisieren. Einfach planen, vollst\u00e4ndig verwalten Organisieren Sie Ihre Termine effizient dank erweiterter Funktionen. Synchronisieren Sie Ihre Termine mit externen Plattformen \u00dcbermitteln Sie Termininformationen schnell und einfach in der Meditools Patient App Sehen und verwalten Sie Ihre Termine \u00fcber Ihr [&hellip;]<\/p>\n","protected":false},"author":1,"featured_media":0,"parent":0,"menu_order":0,"comment_status":"closed","ping_status":"closed","template":"","meta":{"_acf_changed":false,"footnotes":""},"class_list":["post-3862","page","type-page","status-publish","hentry"],"acf":[],"_links":{"self":[{"href":"https:\/\/mediway.ch\/de\/wp-json\/wp\/v2\/pages\/3862","targetHints":{"allow":["GET"]}}],"collection":[{"href":"https:\/\/mediway.ch\/de\/wp-json\/wp\/v2\/pages"}],"about":[{"href":"https:\/\/mediway.ch\/de\/wp-json\/wp\/v2\/types\/page"}],"author":[{"embeddable":true,"href":"https:\/\/mediway.ch\/de\/wp-json\/wp\/v2\/users\/1"}],"replies":[{"embeddable":true,"href":"https:\/\/mediway.ch\/de\/wp-json\/wp\/v2\/comments?post=3862"}],"version-history":[{"count":5,"href":"https:\/\/mediway.ch\/de\/wp-json\/wp\/v2\/pages\/3862\/revisions"}],"predecessor-version":[{"id":4207,"href":"https:\/\/mediway.ch\/de\/wp-json\/wp\/v2\/pages\/3862\/revisions\/4207"}],"wp:attachment":[{"href":"https:\/\/mediway.ch\/de\/wp-json\/wp\/v2\/media?parent=3862"}],"curies":[{"name":"wp","href":"https:\/\/api.w.org\/{rel}","templated":true}]}}