
{"id":3870,"date":"2025-09-09T09:49:39","date_gmt":"2025-09-09T09:49:39","guid":{"rendered":"https:\/\/mediway.ch\/ki-assistent\/"},"modified":"2026-03-25T13:11:42","modified_gmt":"2026-03-25T13:11:42","slug":"ki-assistent","status":"publish","type":"page","link":"https:\/\/mediway.ch\/de\/ki-assistent\/","title":{"rendered":"KI-Assistent"},"content":{"rendered":"\t\t<div data-elementor-type=\"wp-page\" data-elementor-id=\"3870\" class=\"elementor elementor-3870 elementor-2395\" data-elementor-post-type=\"page\">\n\t\t\t\t<div class=\"elementor-element elementor-element-43f324f e-flex e-con-boxed e-con e-parent\" data-id=\"43f324f\" data-element_type=\"container\" data-settings=\"{&quot;background_background&quot;:&quot;classic&quot;}\">\n\t\t\t\t\t<div class=\"e-con-inner\">\n\t\t\t\t<div class=\"elementor-element elementor-element-8336cca elementor-widget elementor-widget-heading\" data-id=\"8336cca\" data-element_type=\"widget\" data-widget_type=\"heading.default\">\n\t\t\t\t<div class=\"elementor-widget-container\">\n\t\t\t\t\t<h1 class=\"elementor-heading-title elementor-size-default\">KI-Assistent<\/h1>\t\t\t\t<\/div>\n\t\t\t\t<\/div>\n\t\t\t\t<div class=\"elementor-element elementor-element-7479856 elementor-widget__width-initial elementor-widget elementor-widget-text-editor\" data-id=\"7479856\" data-element_type=\"widget\" data-widget_type=\"text-editor.default\">\n\t\t\t\t<div class=\"elementor-widget-container\">\n\t\t\t\t\t\t\t\t\t<p>Leistungsstarke Tools, lokal bereitgestellt, um die vollst\u00e4ndige Vertraulichkeit Ihrer Daten zu gew\u00e4hrleisten<\/p>\t\t\t\t\t\t\t\t<\/div>\n\t\t\t\t<\/div>\n\t\t\t\t<div class=\"elementor-element elementor-element-3514dd8 elementor-invisible elementor-widget elementor-widget-image\" data-id=\"3514dd8\" data-element_type=\"widget\" data-settings=\"{&quot;_animation&quot;:&quot;slideInUp&quot;}\" data-widget_type=\"image.default\">\n\t\t\t\t<div class=\"elementor-widget-container\">\n\t\t\t\t\t\t\t\t\t\t\t\t\t\t\t<img fetchpriority=\"high\" decoding=\"async\" width=\"1326\" height=\"402\" src=\"https:\/\/mediway.ch\/wp-content\/uploads\/2026\/04\/Assistant-IA-de.png\" class=\"attachment-full size-full wp-image-3875\" alt=\"\" srcset=\"https:\/\/mediway.ch\/wp-content\/uploads\/2026\/04\/Assistant-IA-de.png 1326w, https:\/\/mediway.ch\/wp-content\/uploads\/2026\/04\/Assistant-IA-de-300x91.png 300w, https:\/\/mediway.ch\/wp-content\/uploads\/2026\/04\/Assistant-IA-de-1024x310.png 1024w, https:\/\/mediway.ch\/wp-content\/uploads\/2026\/04\/Assistant-IA-de-768x233.png 768w\" sizes=\"(max-width: 1326px) 100vw, 1326px\" \/>\t\t\t\t\t\t\t\t\t\t\t\t\t\t\t<\/div>\n\t\t\t\t<\/div>\n\t\t\t\t\t<\/div>\n\t\t\t\t<\/div>\n\t\t<div class=\"elementor-element elementor-element-0b86b51 e-flex e-con-boxed e-con e-parent\" data-id=\"0b86b51\" data-element_type=\"container\">\n\t\t\t\t\t<div class=\"e-con-inner\">\n\t\t\t\t<div class=\"elementor-element elementor-element-8fc4c57 elementor-widget__width-initial elementor-widget elementor-widget-heading\" data-id=\"8fc4c57\" data-element_type=\"widget\" data-widget_type=\"heading.default\">\n\t\t\t\t<div class=\"elementor-widget-container\">\n\t\t\t\t\t<h2 class=\"elementor-heading-title elementor-size-default\">Automatisieren, zusammenfassen, klassifizieren, <span style=\"color:#859CAB\">intelligent<\/span><\/h2>\t\t\t\t<\/div>\n\t\t\t\t<\/div>\n\t\t\t\t\t<\/div>\n\t\t\t\t<\/div>\n\t\t<div class=\"elementor-element elementor-element-71989b9 e-flex e-con-boxed e-con e-parent\" data-id=\"71989b9\" data-element_type=\"container\">\n\t\t\t\t\t<div class=\"e-con-inner\">\n\t\t<div class=\"elementor-element elementor-element-da3b14d e-con-full e-flex e-con e-child\" data-id=\"da3b14d\" data-element_type=\"container\" data-settings=\"{&quot;background_background&quot;:&quot;classic&quot;}\">\n\t\t\t\t<div class=\"elementor-element elementor-element-010ccb5 elementor-widget elementor-widget-image\" data-id=\"010ccb5\" data-element_type=\"widget\" data-widget_type=\"image.default\">\n\t\t\t\t<div class=\"elementor-widget-container\">\n\t\t\t\t\t\t\t\t\t\t\t\t\t\t\t<img decoding=\"async\" width=\"628\" height=\"426\" src=\"https:\/\/mediway.ch\/wp-content\/uploads\/2025\/09\/affectation-automatique.png\" class=\"attachment-full size-full wp-image-3876\" alt=\"\" srcset=\"https:\/\/mediway.ch\/wp-content\/uploads\/2025\/09\/affectation-automatique.png 628w, https:\/\/mediway.ch\/wp-content\/uploads\/2025\/09\/affectation-automatique-300x204.png 300w\" sizes=\"(max-width: 628px) 100vw, 628px\" \/>\t\t\t\t\t\t\t\t\t\t\t\t\t\t\t<\/div>\n\t\t\t\t<\/div>\n\t\t\t\t<\/div>\n\t\t<div class=\"elementor-element elementor-element-dcde700 e-con-full e-flex e-con e-child\" data-id=\"dcde700\" data-element_type=\"container\">\n\t\t\t\t<div class=\"elementor-element elementor-element-7653295 elementor-widget elementor-widget-heading\" data-id=\"7653295\" data-element_type=\"widget\" data-widget_type=\"heading.default\">\n\t\t\t\t<div class=\"elementor-widget-container\">\n\t\t\t\t\t<h2 class=\"elementor-heading-title elementor-size-default\">Automatische Zuordnung von Dokumenten zu Patienten<\/h2>\t\t\t\t<\/div>\n\t\t\t\t<\/div>\n\t\t\t\t<div class=\"elementor-element elementor-element-2470571 elementor-widget elementor-widget-text-editor\" data-id=\"2470571\" data-element_type=\"widget\" data-widget_type=\"text-editor.default\">\n\t\t\t\t<div class=\"elementor-widget-container\">\n\t\t\t\t\t\t\t\t\t<p>Dank unserer Informations-Extraktions-Engine werden Schl\u00fcsseldaten erkannt und erm\u00f6glichen die Zuordnung des Dokuments zur Patientenakte des betreffenden Patienten.<br> <br>Diese L\u00f6sung reduziert Fehler bei der Ablage und vereinfacht gleichzeitig administrative Aufgaben.<br> <br>Die Automatisierung der Dokumentenzuordnung begrenzt Fehler und spart Ihnen im Alltag enorm viel Zeit, damit Sie sich auf das Wesentliche konzentrieren k\u00f6nnen.<\/p>\t\t\t\t\t\t\t\t<\/div>\n\t\t\t\t<\/div>\n\t\t\t\t<\/div>\n\t\t\t\t\t<\/div>\n\t\t\t\t<\/div>\n\t\t<div class=\"elementor-element elementor-element-af9f743 e-flex e-con-boxed e-con e-parent\" data-id=\"af9f743\" data-element_type=\"container\">\n\t\t\t\t\t<div class=\"e-con-inner\">\n\t\t<div class=\"elementor-element elementor-element-fadf080 e-con-full e-flex e-con e-child\" data-id=\"fadf080\" data-element_type=\"container\">\n\t\t\t\t<div class=\"elementor-element elementor-element-316ebb9 elementor-widget elementor-widget-heading\" data-id=\"316ebb9\" data-element_type=\"widget\" data-widget_type=\"heading.default\">\n\t\t\t\t<div class=\"elementor-widget-container\">\n\t\t\t\t\t<h2 class=\"elementor-heading-title elementor-size-default\">Intelligente medizinische Diktierfunktion<\/h2>\t\t\t\t<\/div>\n\t\t\t\t<\/div>\n\t\t\t\t<div class=\"elementor-element elementor-element-58c489b elementor-widget elementor-widget-text-editor\" data-id=\"58c489b\" data-element_type=\"widget\" data-widget_type=\"text-editor.default\">\n\t\t\t\t<div class=\"elementor-widget-container\">\n\t\t\t\t\t\t\t\t\t<p>Diktieren Sie Ihre klinischen Beobachtungen, als w\u00fcrden Sie mit einem Kollegen sprechen: Mediway transkribiert Ihre Worte pr\u00e4zise und fl\u00fcssig. Nach der Konsultation sparen Sie Zeit, ohne die Qualit\u00e4t Ihrer medizinischen Notizen zu beeintr\u00e4chtigen.<br> <br>Der Text wird nach Ihren Gewohnheiten strukturiert, direkt in die Patientenakte eingef\u00fcgt und ist bereit zur Validierung oder Erg\u00e4nzung.<br> <br>Eine einfache und zuverl\u00e4ssige L\u00f6sung, die entwickelt wurde, um Ihre administrative Belastung zu reduzieren.<\/p>\t\t\t\t\t\t\t\t<\/div>\n\t\t\t\t<\/div>\n\t\t\t\t<\/div>\n\t\t<div class=\"elementor-element elementor-element-9ca7cba e-con-full e-flex e-con e-child\" data-id=\"9ca7cba\" data-element_type=\"container\" data-settings=\"{&quot;background_background&quot;:&quot;classic&quot;}\">\n\t\t\t\t<div class=\"elementor-element elementor-element-63ab98a elementor-widget elementor-widget-image\" data-id=\"63ab98a\" data-element_type=\"widget\" data-widget_type=\"image.default\">\n\t\t\t\t<div class=\"elementor-widget-container\">\n\t\t\t\t\t\t\t\t\t\t\t\t\t\t\t<img decoding=\"async\" width=\"720\" height=\"339\" src=\"https:\/\/mediway.ch\/wp-content\/uploads\/2025\/09\/dictee-intelligente.png\" class=\"attachment-full size-full wp-image-3877\" alt=\"\" srcset=\"https:\/\/mediway.ch\/wp-content\/uploads\/2025\/09\/dictee-intelligente.png 720w, https:\/\/mediway.ch\/wp-content\/uploads\/2025\/09\/dictee-intelligente-300x141.png 300w\" sizes=\"(max-width: 720px) 100vw, 720px\" \/>\t\t\t\t\t\t\t\t\t\t\t\t\t\t\t<\/div>\n\t\t\t\t<\/div>\n\t\t\t\t<\/div>\n\t\t\t\t\t<\/div>\n\t\t\t\t<\/div>\n\t\t<div class=\"elementor-element elementor-element-c2fa41f e-flex e-con-boxed e-con e-parent\" data-id=\"c2fa41f\" data-element_type=\"container\">\n\t\t\t\t\t<div class=\"e-con-inner\">\n\t\t<div class=\"elementor-element elementor-element-c90fe41 e-con-full e-flex e-con e-child\" data-id=\"c90fe41\" data-element_type=\"container\" data-settings=\"{&quot;background_background&quot;:&quot;classic&quot;}\">\n\t\t\t\t<div class=\"elementor-element elementor-element-607e62d elementor-widget elementor-widget-image\" data-id=\"607e62d\" data-element_type=\"widget\" data-widget_type=\"image.default\">\n\t\t\t\t<div class=\"elementor-widget-container\">\n\t\t\t\t\t\t\t\t\t\t\t\t\t\t\t<img loading=\"lazy\" decoding=\"async\" width=\"642\" height=\"331\" src=\"https:\/\/mediway.ch\/wp-content\/uploads\/2025\/09\/resume-automatique.png\" class=\"attachment-full size-full wp-image-3878\" alt=\"\" srcset=\"https:\/\/mediway.ch\/wp-content\/uploads\/2025\/09\/resume-automatique.png 642w, https:\/\/mediway.ch\/wp-content\/uploads\/2025\/09\/resume-automatique-300x155.png 300w\" sizes=\"(max-width: 642px) 100vw, 642px\" \/>\t\t\t\t\t\t\t\t\t\t\t\t\t\t\t<\/div>\n\t\t\t\t<\/div>\n\t\t\t\t<\/div>\n\t\t<div class=\"elementor-element elementor-element-aa9b740 e-con-full e-flex e-con e-child\" data-id=\"aa9b740\" data-element_type=\"container\">\n\t\t\t\t<div class=\"elementor-element elementor-element-1c8f9ba elementor-widget elementor-widget-heading\" data-id=\"1c8f9ba\" data-element_type=\"widget\" data-widget_type=\"heading.default\">\n\t\t\t\t<div class=\"elementor-widget-container\">\n\t\t\t\t\t<h2 class=\"elementor-heading-title elementor-size-default\">In Entwicklung \u2013 Automatische Zusammenfassung der Konsultation<\/h2>\t\t\t\t<\/div>\n\t\t\t\t<\/div>\n\t\t\t\t<div class=\"elementor-element elementor-element-b239200 elementor-widget elementor-widget-text-editor\" data-id=\"b239200\" data-element_type=\"widget\" data-widget_type=\"text-editor.default\">\n\t\t\t\t<div class=\"elementor-widget-container\">\n\t\t\t\t\t\t\t\t\t<p>Erstellen Sie mit dem Zusammenfassungstool eine klare, pr\u00e4gnante und dem ausgetauschten Inhalt getreue Zusammenfassung.<br><br>Diese Zusammenfassung enth\u00e4lt die wesentlichen Elemente \u2013 Symptome, Diagnosen, Behandlungen, Entscheidungen \u2013 und bietet Ihnen eine sofort verf\u00fcgbare Synthese zum \u00dcberpr\u00fcfen, Korrigieren oder Teilen.<br><br>Sie behalten die Kontrolle \u00fcber den Inhalt und profitieren gleichzeitig von einer erheblichen Zeitersparnis. Die KI-Unterst\u00fctzung wird zu einer echten Erweiterung Ihrer Praxis.<\/p>\t\t\t\t\t\t\t\t<\/div>\n\t\t\t\t<\/div>\n\t\t\t\t<\/div>\n\t\t\t\t\t<\/div>\n\t\t\t\t<\/div>\n\t\t\t\t<\/div>\n\t\t","protected":false},"excerpt":{"rendered":"<p>KI-Assistent Leistungsstarke Tools, lokal bereitgestellt, um die vollst\u00e4ndige Vertraulichkeit Ihrer Daten zu gew\u00e4hrleisten Automatisieren, zusammenfassen, klassifizieren, intelligent Automatische Zuordnung von Dokumenten zu Patienten Dank unserer Informations-Extraktions-Engine werden Schl\u00fcsseldaten erkannt und erm\u00f6glichen die Zuordnung des Dokuments zur Patientenakte des betreffenden Patienten. Diese L\u00f6sung reduziert Fehler bei der Ablage und vereinfacht gleichzeitig administrative Aufgaben. Die Automatisierung der [&hellip;]<\/p>\n","protected":false},"author":1,"featured_media":0,"parent":0,"menu_order":0,"comment_status":"closed","ping_status":"closed","template":"","meta":{"_acf_changed":false,"footnotes":""},"class_list":["post-3870","page","type-page","status-publish","hentry"],"acf":[],"_links":{"self":[{"href":"https:\/\/mediway.ch\/de\/wp-json\/wp\/v2\/pages\/3870","targetHints":{"allow":["GET"]}}],"collection":[{"href":"https:\/\/mediway.ch\/de\/wp-json\/wp\/v2\/pages"}],"about":[{"href":"https:\/\/mediway.ch\/de\/wp-json\/wp\/v2\/types\/page"}],"author":[{"embeddable":true,"href":"https:\/\/mediway.ch\/de\/wp-json\/wp\/v2\/users\/1"}],"replies":[{"embeddable":true,"href":"https:\/\/mediway.ch\/de\/wp-json\/wp\/v2\/comments?post=3870"}],"version-history":[{"count":3,"href":"https:\/\/mediway.ch\/de\/wp-json\/wp\/v2\/pages\/3870\/revisions"}],"predecessor-version":[{"id":4107,"href":"https:\/\/mediway.ch\/de\/wp-json\/wp\/v2\/pages\/3870\/revisions\/4107"}],"wp:attachment":[{"href":"https:\/\/mediway.ch\/de\/wp-json\/wp\/v2\/media?parent=3870"}],"curies":[{"name":"wp","href":"https:\/\/api.w.org\/{rel}","templated":true}]}}