
{"id":3882,"date":"2025-09-09T10:11:29","date_gmt":"2025-09-09T10:11:29","guid":{"rendered":"https:\/\/mediway.ch\/mediway\/"},"modified":"2026-03-25T16:45:12","modified_gmt":"2026-03-25T16:45:12","slug":"mediway","status":"publish","type":"page","link":"https:\/\/mediway.ch\/de\/mediway\/","title":{"rendered":"Mediway+"},"content":{"rendered":"\t\t<div data-elementor-type=\"wp-page\" data-elementor-id=\"3882\" class=\"elementor elementor-3882 elementor-2441\" data-elementor-post-type=\"page\">\n\t\t\t\t<div class=\"elementor-element elementor-element-4d51596 e-flex e-con-boxed e-con e-parent\" data-id=\"4d51596\" data-element_type=\"container\" data-settings=\"{&quot;background_background&quot;:&quot;classic&quot;}\">\n\t\t\t\t\t<div class=\"e-con-inner\">\n\t\t\t\t<div class=\"elementor-element elementor-element-52ca534 elementor-widget__width-initial elementor-widget elementor-widget-heading\" data-id=\"52ca534\" data-element_type=\"widget\" data-widget_type=\"heading.default\">\n\t\t\t\t<div class=\"elementor-widget-container\">\n\t\t\t\t\t<h1 class=\"elementor-heading-title elementor-size-default\">Mediway+<\/h1>\t\t\t\t<\/div>\n\t\t\t\t<\/div>\n\t\t\t\t<div class=\"elementor-element elementor-element-bb60eda elementor-widget__width-initial elementor-widget elementor-widget-text-editor\" data-id=\"bb60eda\" data-element_type=\"widget\" data-widget_type=\"text-editor.default\">\n\t\t\t\t<div class=\"elementor-widget-container\">\n\t\t\t\t\t\t\t\t\t<p>Entwickelt f\u00fcr alle, die \u00fcber eine eigene Infrastruktur und einen vertrauensw\u00fcrdigen IT-Service verf\u00fcgen. Werten Sie Ihre Ausstattung auf und greifen Sie jederzeit auf Ihre Daten zu.<\/p>\t\t\t\t\t\t\t\t<\/div>\n\t\t\t\t<\/div>\n\t\t<div class=\"elementor-element elementor-element-c8be737 e-con-full e-flex e-con e-child\" data-id=\"c8be737\" data-element_type=\"container\">\n\t\t\t\t<div class=\"elementor-element elementor-element-a9f47f0 AnimateButton elementor-widget elementor-widget-button\" data-id=\"a9f47f0\" data-element_type=\"widget\" data-widget_type=\"button.default\">\n\t\t\t\t<div class=\"elementor-widget-container\">\n\t\t\t\t\t\t\t\t\t<div class=\"elementor-button-wrapper\">\n\t\t\t\t\t<a class=\"elementor-button elementor-button-link elementor-size-sm\" href=\"https:\/\/mediway.ch\/de\/unsere-angebote-auf-einen-blick\/#demo\">\n\t\t\t\t\t\t<span class=\"elementor-button-content-wrapper\">\n\t\t\t\t\t\t<span class=\"elementor-button-icon\">\n\t\t\t\t<svg xmlns=\"http:\/\/www.w3.org\/2000\/svg\" width=\"23\" height=\"23\" viewBox=\"0 0 23 23\" fill=\"none\"><path fill-rule=\"evenodd\" clip-rule=\"evenodd\" d=\"M11.2511 5.25105C11.5858 4.91632 12.1285 4.91632 12.4632 5.25105L18.4632 11.2511C18.798 11.5858 18.798 12.1285 18.4632 12.4632L12.4632 18.4632C12.1285 18.798 11.5858 18.798 11.2511 18.4632C10.9163 18.1285 10.9163 17.5858 11.2511 17.2511L16.645 11.8571L11.2511 6.46323C10.9163 6.1285 10.9163 5.58579 11.2511 5.25105Z\" fill=\"#0C1230\"><\/path><line x1=\"16.15\" y1=\"11.85\" x2=\"4.85\" y2=\"11.85\" stroke=\"#0C1230\" stroke-width=\"1.7\" stroke-linecap=\"round\"><\/line><\/svg>\t\t\t<\/span>\n\t\t\t\t\t\t\t\t\t<span class=\"elementor-button-text\">Demo anfordern<\/span>\n\t\t\t\t\t<\/span>\n\t\t\t\t\t<\/a>\n\t\t\t\t<\/div>\n\t\t\t\t\t\t\t\t<\/div>\n\t\t\t\t<\/div>\n\t\t\t\t<\/div>\n\t\t\t\t\t<\/div>\n\t\t\t\t<\/div>\n\t\t<div class=\"elementor-element elementor-element-7bc9090 e-flex e-con-boxed e-con e-parent\" data-id=\"7bc9090\" data-element_type=\"container\">\n\t\t\t\t\t<div class=\"e-con-inner\">\n\t\t\t\t<div class=\"elementor-element elementor-element-aedaa60 elementor-widget__width-initial elementor-widget elementor-widget-heading\" data-id=\"aedaa60\" data-element_type=\"widget\" data-widget_type=\"heading.default\">\n\t\t\t\t<div class=\"elementor-widget-container\">\n\t\t\t\t\t<h2 class=\"elementor-heading-title elementor-size-default\">Warum Mediway<span>+<\/span>?<\/h2>\t\t\t\t<\/div>\n\t\t\t\t<\/div>\n\t\t\t\t\t<\/div>\n\t\t\t\t<\/div>\n\t\t<div class=\"elementor-element elementor-element-71989b9 e-flex e-con-boxed e-con e-parent\" data-id=\"71989b9\" data-element_type=\"container\">\n\t\t\t\t\t<div class=\"e-con-inner\">\n\t\t<div class=\"elementor-element elementor-element-dcde700 e-con-full e-flex e-con e-child\" data-id=\"dcde700\" data-element_type=\"container\">\n\t\t\t\t<div class=\"elementor-element elementor-element-8dab16a elementor-icon-list--layout-traditional elementor-list-item-link-full_width elementor-widget elementor-widget-icon-list\" data-id=\"8dab16a\" data-element_type=\"widget\" data-widget_type=\"icon-list.default\">\n\t\t\t\t<div class=\"elementor-widget-container\">\n\t\t\t\t\t\t\t<ul class=\"elementor-icon-list-items\">\n\t\t\t\t\t\t\t<li class=\"elementor-icon-list-item\">\n\t\t\t\t\t\t\t\t\t\t\t<span class=\"elementor-icon-list-icon\">\n\t\t\t\t\t\t\t<svg xmlns=\"http:\/\/www.w3.org\/2000\/svg\" width=\"44\" height=\"44\" viewBox=\"0 0 44 44\" fill=\"none\"><path d=\"M0 12C0 5.37258 5.37258 0 12 0H32C38.6274 0 44 5.37258 44 12V32C44 38.6274 38.6274 44 32 44H12C5.37258 44 0 38.6274 0 32V12Z\" fill=\"#DBF2F2\"><\/path><path d=\"M33 12.6459V18.2589C33 18.507 32.9034 18.7449 32.7315 18.9204C32.5596 19.0958 32.3264 19.1944 32.0833 19.1944H26.5833C26.3402 19.1944 26.1071 19.0958 25.9352 18.9204C25.7632 18.7449 25.6667 18.507 25.6667 18.2589C25.6667 18.0108 25.7632 17.7728 25.9352 17.5974C26.1071 17.4219 26.3402 17.3234 26.5833 17.3234H29.8707L28.1944 15.6126C26.4907 13.866 24.1776 12.8806 21.7628 12.8727H21.7113C19.3167 12.867 17.0161 13.8235 15.3072 15.5354C15.1321 15.7022 14.9001 15.7924 14.6606 15.7868C14.4212 15.7812 14.1935 15.6802 14.0261 15.5054C13.8587 15.3306 13.765 15.0959 13.765 14.8515C13.765 14.6071 13.8587 14.3724 14.0261 14.1976C16.0973 12.1318 18.8831 10.9829 21.7791 11.0002C24.6751 11.0175 27.4476 12.1996 29.4949 14.29L31.1667 16.0008V12.6459C31.1667 12.3978 31.2632 12.1598 31.4352 11.9844C31.6071 11.8089 31.8402 11.7104 32.0833 11.7104C32.3264 11.7104 32.5596 11.8089 32.7315 11.9844C32.9034 12.1598 33 12.3978 33 12.6459ZM28.6928 28.4663C26.967 30.1867 24.6462 31.1435 22.2337 31.129C19.8212 31.1146 17.5115 30.1301 15.8056 28.3891L14.1293 26.6783H17.4167C17.6598 26.6783 17.8929 26.5798 18.0648 26.4043C18.2368 26.2289 18.3333 25.991 18.3333 25.7428C18.3333 25.4947 18.2368 25.2568 18.0648 25.0813C17.8929 24.9059 17.6598 24.8073 17.4167 24.8073H11.9167C11.6736 24.8073 11.4404 24.9059 11.2685 25.0813C11.0966 25.2568 11 25.4947 11 25.7428V31.3558C11 31.6039 11.0966 31.8419 11.2685 32.0173C11.4404 32.1928 11.6736 32.2913 11.9167 32.2913C12.1598 32.2913 12.3929 32.1928 12.5648 32.0173C12.7368 31.8419 12.8333 31.6039 12.8333 31.3558V28.0009L14.5097 29.7117C16.5541 31.8086 19.3307 32.9913 22.2292 33H22.2899C25.1637 33.0075 27.9248 31.8593 29.975 29.8041C30.1424 29.6293 30.2361 29.3946 30.2361 29.1502C30.2362 28.9058 30.1425 28.6711 29.9751 28.4963C29.8077 28.3215 29.5799 28.2205 29.3405 28.2149C29.1011 28.2093 28.869 28.2995 28.694 28.4663H28.6928Z\" fill=\"#05807B\"><\/path><\/svg>\t\t\t\t\t\t<\/span>\n\t\t\t\t\t\t\t\t\t\t<span class=\"elementor-icon-list-text\">Servicekontinuit\u00e4t<\/span>\n\t\t\t\t\t\t\t\t\t<\/li>\n\t\t\t\t\t\t<\/ul>\n\t\t\t\t\t\t<\/div>\n\t\t\t\t<\/div>\n\t\t\t\t<div class=\"elementor-element elementor-element-2470571 elementor-widget elementor-widget-text-editor\" data-id=\"2470571\" data-element_type=\"widget\" data-widget_type=\"text-editor.default\">\n\t\t\t\t<div class=\"elementor-widget-container\">\n\t\t\t\t\t\t\t\t\t<p>Die Versorgung kann weder auf eine Netzwerk-Wiederherstellung noch auf eine technische L\u00f6sung warten: Servicekontinuit\u00e4t ist in einer Praxis grundlegend.<\/p>\t\t\t\t\t\t\t\t<\/div>\n\t\t\t\t<\/div>\n\t\t\t\t<div class=\"elementor-element elementor-element-db9e24e elementor-widget elementor-widget-text-editor\" data-id=\"db9e24e\" data-element_type=\"widget\" data-widget_type=\"text-editor.default\">\n\t\t\t\t<div class=\"elementor-widget-container\">\n\t\t\t\t\t\t\t\t\t<p>Bei einem vor\u00fcbergehenden Problem beim Zugriff auf Ihre Daten arbeiten Sie dank Replikation weiter: eine synchronisierte Kopie Ihrer Patientendaten, gehostet in einer privaten und zertifizierten Schweizer Cloud.<\/p>\t\t\t\t\t\t\t\t<\/div>\n\t\t\t\t<\/div>\n\t\t\t\t<div class=\"elementor-element elementor-element-5edf42d elementor-widget elementor-widget-text-editor\" data-id=\"5edf42d\" data-element_type=\"widget\" data-widget_type=\"text-editor.default\">\n\t\t\t\t<div class=\"elementor-widget-container\">\n\t\t\t\t\t\t\t\t\t<p>Sie sind nie ohne Zugriff auf wichtige, medizinische Informationen zu Ihren Patientinnen und Patienten und bleiben so f\u00fcr sie verf\u00fcgbar.<\/p>\t\t\t\t\t\t\t\t<\/div>\n\t\t\t\t<\/div>\n\t\t\t\t<\/div>\n\t\t<div class=\"elementor-element elementor-element-afb45eb e-con-full e-flex e-con e-child\" data-id=\"afb45eb\" data-element_type=\"container\" data-settings=\"{&quot;background_background&quot;:&quot;classic&quot;}\">\n\t\t\t\t<div class=\"elementor-element elementor-element-416232d elementor-widget elementor-widget-heading\" data-id=\"416232d\" data-element_type=\"widget\" data-widget_type=\"heading.default\">\n\t\t\t\t<div class=\"elementor-widget-container\">\n\t\t\t\t\t<h4 class=\"elementor-heading-title elementor-size-default\">Leistungen von Logival<\/h4>\t\t\t\t<\/div>\n\t\t\t\t<\/div>\n\t\t\t\t<div class=\"elementor-element elementor-element-48973c6 elementor-icon-list--layout-traditional elementor-list-item-link-full_width elementor-widget elementor-widget-icon-list\" data-id=\"48973c6\" data-element_type=\"widget\" data-widget_type=\"icon-list.default\">\n\t\t\t\t<div class=\"elementor-widget-container\">\n\t\t\t\t\t\t\t<ul class=\"elementor-icon-list-items\">\n\t\t\t\t\t\t\t<li class=\"elementor-icon-list-item\">\n\t\t\t\t\t\t\t\t\t\t\t<span class=\"elementor-icon-list-icon\">\n\t\t\t\t\t\t\t<svg xmlns=\"http:\/\/www.w3.org\/2000\/svg\" width=\"44\" height=\"44\" viewBox=\"0 0 44 44\" fill=\"none\"><path d=\"M0 12C0 5.37258 5.37258 0 12 0H32C38.6274 0 44 5.37258 44 12V32C44 38.6274 38.6274 44 32 44H12C5.37258 44 0 38.6274 0 32V12Z\" fill=\"#DBF2F2\"><\/path><path d=\"M25.467 12.467C23.6965 12.4684 21.9614 12.9623 20.4556 13.8934C18.9498 14.8245 17.7327 16.1561 16.9404 17.7394C15.9979 17.6019 15.0372 17.6602 14.1182 17.9104C13.1992 18.1607 12.3416 18.5976 11.5989 19.194C10.8563 19.7904 10.2444 20.5334 9.80164 21.3766C9.35883 22.2199 9.09452 23.1454 9.02522 24.0954C8.95591 25.0453 9.08308 25.9993 9.3988 26.898C9.71452 27.7966 10.212 28.6205 10.8603 29.3184C11.5085 30.0162 12.2936 30.573 13.1665 30.954C14.0395 31.335 14.9816 31.5321 15.934 31.5329H25.467C27.9953 31.5329 30.42 30.5285 32.2078 28.7408C33.9955 26.953 34.9999 24.5282 34.9999 22C34.9999 19.4717 33.9955 17.0469 32.2078 15.2592C30.42 13.4714 27.9953 12.467 25.467 12.467ZM25.467 29.7996H15.934C14.555 29.7996 13.2324 29.2518 12.2573 28.2766C11.2821 27.3015 10.7343 25.9789 10.7343 24.5998C10.7343 23.2208 11.2821 21.8982 12.2573 20.9231C13.2324 19.9479 14.555 19.4001 15.934 19.4001C16.0532 19.4001 16.1724 19.4001 16.2904 19.412C16.0534 20.2542 15.9335 21.125 15.934 22C15.934 22.2298 16.0254 22.4502 16.1879 22.6128C16.3504 22.7753 16.5708 22.8666 16.8007 22.8666C17.0305 22.8666 17.2509 22.7753 17.4135 22.6128C17.576 22.4502 17.6673 22.2298 17.6673 22C17.6673 20.4573 18.1247 18.9493 18.9818 17.6667C19.8388 16.3841 21.057 15.3844 22.4822 14.794C23.9074 14.2037 25.4756 14.0492 26.9886 14.3502C28.5016 14.6511 29.8914 15.394 30.9822 16.4848C32.073 17.5756 32.8158 18.9653 33.1168 20.4783C33.4177 21.9913 33.2633 23.5596 32.6729 24.9848C32.0826 26.41 31.0829 27.6281 29.8002 28.4851C28.5176 29.3422 27.0096 29.7996 25.467 29.7996ZM29.5466 19.6536C29.6272 19.734 29.6911 19.8296 29.7347 19.9348C29.7783 20.04 29.8008 20.1528 29.8008 20.2667C29.8008 20.3806 29.7783 20.4934 29.7347 20.5986C29.6911 20.7038 29.6272 20.7994 29.5466 20.8798L24.3468 26.0796C24.2664 26.1602 24.1708 26.2241 24.0656 26.2677C23.9604 26.3113 23.8476 26.3338 23.7337 26.3338C23.6198 26.3338 23.507 26.3113 23.4018 26.2677C23.2966 26.2241 23.2011 26.1602 23.1206 26.0796L20.5207 23.4797C20.3581 23.3171 20.2667 23.0966 20.2667 22.8666C20.2667 22.6366 20.3581 22.4161 20.5207 22.2534C20.6833 22.0908 20.9038 21.9995 21.1338 21.9995C21.3638 21.9995 21.5843 22.0908 21.747 22.2534L23.7337 24.2413L28.3203 19.6536C28.4008 19.573 28.4964 19.5091 28.6016 19.4655C28.7068 19.4218 28.8196 19.3994 28.9335 19.3994C29.0474 19.3994 29.1601 19.4218 29.2653 19.4655C29.3706 19.5091 29.4661 19.573 29.5466 19.6536Z\" fill=\"#05807B\"><\/path><\/svg>\t\t\t\t\t\t<\/span>\n\t\t\t\t\t\t\t\t\t\t<span class=\"elementor-icon-list-text\">Replikation in zertifizierte Schweizer Cloud<\/span>\n\t\t\t\t\t\t\t\t\t<\/li>\n\t\t\t\t\t\t\t\t<li class=\"elementor-icon-list-item\">\n\t\t\t\t\t\t\t\t\t\t\t<span class=\"elementor-icon-list-icon\">\n\t\t\t\t\t\t\t<svg xmlns=\"http:\/\/www.w3.org\/2000\/svg\" width=\"44\" height=\"44\" viewBox=\"0 0 44 44\" fill=\"none\"><path d=\"M0 12C0 5.37258 5.37258 0 12 0H32C38.6274 0 44 5.37258 44 12V32C44 38.6274 38.6274 44 32 44H12C5.37258 44 0 38.6274 0 32V12Z\" fill=\"#DBF2F2\"><\/path><path d=\"M31.2255 11.0325H12.7269C11.991 11.0325 11.2852 11.3248 10.7649 11.8452C10.2445 12.3656 9.95215 13.0713 9.95215 13.8073V26.7562C9.95215 27.4921 10.2445 28.1979 10.7649 28.7183C11.2852 29.2387 11.991 29.531 12.7269 29.531H31.2255C31.9614 29.531 32.6672 29.2387 33.1875 28.7183C33.7079 28.1979 34.0002 27.4921 34.0002 26.7562V13.8073C34.0002 13.0713 33.7079 12.3656 33.1875 11.8452C32.6672 11.3248 31.9614 11.0325 31.2255 11.0325ZM32.1504 26.7562C32.1504 27.0015 32.0529 27.2368 31.8795 27.4102C31.706 27.5837 31.4708 27.6812 31.2255 27.6812H12.7269C12.4816 27.6812 12.2464 27.5837 12.0729 27.4102C11.8994 27.2368 11.802 27.0015 11.802 26.7562V13.8073C11.802 13.5619 11.8994 13.3267 12.0729 13.1532C12.2464 12.9798 12.4816 12.8823 12.7269 12.8823H31.2255C31.4708 12.8823 31.706 12.9798 31.8795 13.1532C32.0529 13.3267 32.1504 13.5619 32.1504 13.8073V26.7562ZM26.6008 32.3058C26.6008 32.5511 26.5034 32.7864 26.3299 32.9598C26.1565 33.1333 25.9212 33.2307 25.6759 33.2307H18.2765C18.0312 33.2307 17.7959 33.1333 17.6225 32.9598C17.449 32.7864 17.3516 32.5511 17.3516 32.3058C17.3516 32.0605 17.449 31.8252 17.6225 31.6518C17.7959 31.4783 18.0312 31.3809 18.2765 31.3809H25.6759C25.9212 31.3809 26.1565 31.4783 26.3299 31.6518C26.5034 31.8252 26.6008 32.0605 26.6008 32.3058Z\" fill=\"#05807B\"><\/path><\/svg>\t\t\t\t\t\t<\/span>\n\t\t\t\t\t\t\t\t\t\t<span class=\"elementor-icon-list-text\">Mediway-Software<\/span>\n\t\t\t\t\t\t\t\t\t<\/li>\n\t\t\t\t\t\t\t\t<li class=\"elementor-icon-list-item\">\n\t\t\t\t\t\t\t\t\t\t\t<span class=\"elementor-icon-list-icon\">\n\t\t\t\t\t\t\t<svg xmlns=\"http:\/\/www.w3.org\/2000\/svg\" width=\"44\" height=\"44\" viewBox=\"0 0 44 44\" fill=\"none\"><path d=\"M0 12C0 5.37258 5.37258 0 12 0H32C38.6274 0 44 5.37258 44 12V32C44 38.6274 38.6274 44 32 44H12C5.37258 44 0 38.6274 0 32V12Z\" fill=\"#DBF2F2\"><\/path><path d=\"M35.8164 19.1763L33.0245 13.5904C32.9217 13.3848 32.7793 13.2015 32.6056 13.0509C32.4319 12.9003 32.2302 12.7854 32.0121 12.7128C31.794 12.6401 31.5637 12.6112 31.3344 12.6276C31.1051 12.6439 30.8813 12.7053 30.6757 12.8082L27.955 14.168L22.2235 12.6517C22.0765 12.6135 21.9221 12.6135 21.775 12.6517L16.0436 14.168L13.3228 12.8082C13.1172 12.7053 12.8934 12.6439 12.6641 12.6276C12.4348 12.6112 12.2045 12.6401 11.9864 12.7128C11.7683 12.7854 11.5666 12.9003 11.3929 13.0509C11.2192 13.2015 11.0769 13.3848 10.974 13.5904L8.18215 19.1752C8.07926 19.3808 8.01788 19.6046 8.00151 19.8339C7.98514 20.0632 8.0141 20.2935 8.08674 20.5116C8.15938 20.7298 8.27427 20.9314 8.42485 21.1051C8.57543 21.2788 8.75875 21.4212 8.96435 21.524L11.9181 23.002L17.9887 27.3375C18.0781 27.4011 18.1787 27.4475 18.2852 27.4742L25.2867 29.2246C25.4333 29.2614 25.587 29.2596 25.7327 29.2193C25.8784 29.179 26.0112 29.1017 26.1181 28.9949L32.1428 22.9692L35.0331 21.524C35.448 21.3163 35.7635 20.9523 35.9102 20.5121C36.0569 20.0719 36.0227 19.5914 35.8153 19.1763H35.8164ZM29.8115 22.827L26.047 19.8119C25.8784 19.6769 25.6658 19.609 25.45 19.6213C25.2343 19.6336 25.0308 19.7253 24.8787 19.8787C22.9303 21.8413 20.7587 21.5929 19.3737 20.7178L24.1041 16.123H27.5841L30.5608 22.0754L29.8115 22.827ZM12.5395 14.3726L14.7789 15.4907L11.9816 21.0755L9.74655 19.9585L12.5395 14.3726ZM25.2298 27.4053L18.8726 25.8168L13.4902 21.9726L16.5534 15.8462L21.9993 14.4032L23.0714 14.6866L18.1484 19.4651L18.1397 19.475C17.9543 19.6603 17.813 19.8849 17.7261 20.1321C17.6391 20.3793 17.6088 20.6429 17.6374 20.9034C17.666 21.164 17.7527 21.4147 17.8911 21.6373C18.0295 21.8598 18.2162 22.0484 18.4372 22.1892C20.6865 23.6256 23.4007 23.3926 25.5383 21.6422L28.5632 24.0719L25.2298 27.4053ZM32.0126 21.0744L29.2207 15.495L31.459 14.3726L34.252 19.9585L32.0126 21.0744ZM22.4128 31.2124C22.3655 31.4016 22.2564 31.5695 22.1028 31.6896C21.9492 31.8097 21.7599 31.8751 21.5649 31.8754C21.493 31.8753 21.4214 31.8665 21.3516 31.8491L16.793 30.7092C16.6863 30.6829 16.5857 30.6365 16.4965 30.5724L13.6138 28.5135C13.4366 28.3744 13.3198 28.1722 13.2879 27.9491C13.256 27.726 13.3114 27.4992 13.4425 27.316C13.5736 27.1327 13.7704 27.007 13.9918 26.9652C14.2132 26.9234 14.4423 26.9685 14.6312 27.0913L17.3782 29.054L21.7805 30.1523C22.0056 30.2087 22.1991 30.3521 22.3185 30.5511C22.4379 30.7501 22.4734 30.9884 22.4172 31.2135L22.4128 31.2124Z\" fill=\"#05807B\"><\/path><\/svg>\t\t\t\t\t\t<\/span>\n\t\t\t\t\t\t\t\t\t\t<span class=\"elementor-icon-list-text\">Support und Updates<\/span>\n\t\t\t\t\t\t\t\t\t<\/li>\n\t\t\t\t\t\t<\/ul>\n\t\t\t\t\t\t<\/div>\n\t\t\t\t<\/div>\n\t\t\t\t<\/div>\n\t\t\t\t\t<\/div>\n\t\t\t\t<\/div>\n\t\t<div class=\"elementor-element elementor-element-4496396 e-flex e-con-boxed e-con e-parent\" data-id=\"4496396\" data-element_type=\"container\" data-settings=\"{&quot;background_background&quot;:&quot;gradient&quot;}\">\n\t\t\t\t\t<div class=\"e-con-inner\">\n\t\t\t\t<div class=\"elementor-element elementor-element-9d175ef elementor-widget elementor-widget-heading\" data-id=\"9d175ef\" data-element_type=\"widget\" data-widget_type=\"heading.default\">\n\t\t\t\t<div class=\"elementor-widget-container\">\n\t\t\t\t\t<h3 class=\"elementor-heading-title elementor-size-default\">Mediway+ richtet sich an medizinische Einrichtungen, die im Falle eines vor\u00fcbergehenden Problems von der Replikation profitieren m\u00f6chten. So haben Sie jederzeit Zugriff auf die Informationen zu Ihren Patientinnen und Patienten.<\/h3>\t\t\t\t<\/div>\n\t\t\t\t<\/div>\n\t\t\t\t<div class=\"elementor-element elementor-element-64828ac AnimateButton elementor-widget elementor-widget-button\" data-id=\"64828ac\" data-element_type=\"widget\" data-widget_type=\"button.default\">\n\t\t\t\t<div class=\"elementor-widget-container\">\n\t\t\t\t\t\t\t\t\t<div class=\"elementor-button-wrapper\">\n\t\t\t\t\t<a class=\"elementor-button elementor-button-link elementor-size-sm\" href=\"https:\/\/mediway.ch\/de\/unsere-angebote-auf-einen-blick\/#demo\">\n\t\t\t\t\t\t<span class=\"elementor-button-content-wrapper\">\n\t\t\t\t\t\t<span class=\"elementor-button-icon\">\n\t\t\t\t<svg xmlns=\"http:\/\/www.w3.org\/2000\/svg\" width=\"23\" height=\"23\" viewBox=\"0 0 23 23\" fill=\"none\"><path fill-rule=\"evenodd\" clip-rule=\"evenodd\" d=\"M11.2511 5.25105C11.5858 4.91632 12.1285 4.91632 12.4632 5.25105L18.4632 11.2511C18.798 11.5858 18.798 12.1285 18.4632 12.4632L12.4632 18.4632C12.1285 18.798 11.5858 18.798 11.2511 18.4632C10.9163 18.1285 10.9163 17.5858 11.2511 17.2511L16.645 11.8571L11.2511 6.46323C10.9163 6.1285 10.9163 5.58579 11.2511 5.25105Z\" fill=\"#0C1230\"><\/path><line x1=\"16.15\" y1=\"11.85\" x2=\"4.85\" y2=\"11.85\" stroke=\"#0C1230\" stroke-width=\"1.7\" stroke-linecap=\"round\"><\/line><\/svg>\t\t\t<\/span>\n\t\t\t\t\t\t\t\t\t<span class=\"elementor-button-text\">Demo anfordern<\/span>\n\t\t\t\t\t<\/span>\n\t\t\t\t\t<\/a>\n\t\t\t\t<\/div>\n\t\t\t\t\t\t\t\t<\/div>\n\t\t\t\t<\/div>\n\t\t\t\t\t<\/div>\n\t\t\t\t<\/div>\n\t\t\t\t<\/div>\n\t\t","protected":false},"excerpt":{"rendered":"<p>Mediway+ Entwickelt f\u00fcr alle, die \u00fcber eine eigene Infrastruktur und einen vertrauensw\u00fcrdigen IT-Service verf\u00fcgen. Werten Sie Ihre Ausstattung auf und greifen Sie jederzeit auf Ihre Daten zu. Demo anfordern Warum Mediway+? Servicekontinuit\u00e4t Die Versorgung kann weder auf eine Netzwerk-Wiederherstellung noch auf eine technische L\u00f6sung warten: Servicekontinuit\u00e4t ist in einer Praxis grundlegend. Bei einem vor\u00fcbergehenden Problem [&hellip;]<\/p>\n","protected":false},"author":1,"featured_media":0,"parent":0,"menu_order":0,"comment_status":"closed","ping_status":"closed","template":"","meta":{"_acf_changed":false,"footnotes":""},"class_list":["post-3882","page","type-page","status-publish","hentry"],"acf":[],"_links":{"self":[{"href":"https:\/\/mediway.ch\/de\/wp-json\/wp\/v2\/pages\/3882","targetHints":{"allow":["GET"]}}],"collection":[{"href":"https:\/\/mediway.ch\/de\/wp-json\/wp\/v2\/pages"}],"about":[{"href":"https:\/\/mediway.ch\/de\/wp-json\/wp\/v2\/types\/page"}],"author":[{"embeddable":true,"href":"https:\/\/mediway.ch\/de\/wp-json\/wp\/v2\/users\/1"}],"replies":[{"embeddable":true,"href":"https:\/\/mediway.ch\/de\/wp-json\/wp\/v2\/comments?post=3882"}],"version-history":[{"count":7,"href":"https:\/\/mediway.ch\/de\/wp-json\/wp\/v2\/pages\/3882\/revisions"}],"predecessor-version":[{"id":4140,"href":"https:\/\/mediway.ch\/de\/wp-json\/wp\/v2\/pages\/3882\/revisions\/4140"}],"wp:attachment":[{"href":"https:\/\/mediway.ch\/de\/wp-json\/wp\/v2\/media?parent=3882"}],"curies":[{"name":"wp","href":"https:\/\/api.w.org\/{rel}","templated":true}]}}