
{"id":3906,"date":"2025-09-10T14:42:22","date_gmt":"2025-09-10T14:42:22","guid":{"rendered":"https:\/\/mediway.ch\/datenschutzerklaerung\/"},"modified":"2026-04-15T14:12:36","modified_gmt":"2026-04-15T14:12:36","slug":"datenschutzerklaerung","status":"publish","type":"page","link":"https:\/\/mediway.ch\/de\/datenschutzerklaerung\/","title":{"rendered":"Datenschutzerkl\u00e4rung"},"content":{"rendered":"\t\t<div data-elementor-type=\"wp-page\" data-elementor-id=\"3906\" class=\"elementor elementor-3906 elementor-2987\" data-elementor-post-type=\"page\">\n\t\t\t\t<div class=\"elementor-element elementor-element-b1a7d94 e-flex e-con-boxed e-con e-parent\" data-id=\"b1a7d94\" data-element_type=\"container\">\n\t\t\t\t\t<div class=\"e-con-inner\">\n\t\t\t\t<div class=\"elementor-element elementor-element-3a52dbe elementor-widget__width-initial elementor-widget elementor-widget-heading\" data-id=\"3a52dbe\" data-element_type=\"widget\" data-widget_type=\"heading.default\">\n\t\t\t\t<div class=\"elementor-widget-container\">\n\t\t\t\t\t<h1 class=\"elementor-heading-title elementor-size-default\">Datenschutzerkl\u00e4rung<\/h1>\t\t\t\t<\/div>\n\t\t\t\t<\/div>\n\t\t\t\t\t<\/div>\n\t\t\t\t<\/div>\n\t\t<div class=\"elementor-element elementor-element-c772471 e-flex e-con-boxed e-con e-parent\" data-id=\"c772471\" data-element_type=\"container\">\n\t\t\t\t\t<div class=\"e-con-inner\">\n\t\t\t\t<div class=\"elementor-element elementor-element-d76e1c5 elementor-widget elementor-widget-text-editor\" data-id=\"d76e1c5\" data-element_type=\"widget\" data-widget_type=\"text-editor.default\">\n\t\t\t\t<div class=\"elementor-widget-container\">\n\t\t\t\t\t\t\t\t\t<div>Als Mediway-Kunde unterliegen Sie den Allgemeinen Gesch\u00e4ftsbedingungen der <em>Logival SA<\/em>.<\/div><div> <\/div><div>Dar\u00fcber hinaus legen wir besonderen Wert auf den Schutz und die Sicherheit Ihrer personenbezogenen Daten. Deshalb verpflichten wir uns, Ihnen unsere Dienstleistungen in \u00dcbereinstimmung mit den anwendbaren Datenschutzgesetzen zu erbringen, insbesondere dem Bundesgesetz \u00fcber den Datenschutz (DSG).<\/div><div> <\/div><div>F\u00fcr weitere Informationen k\u00f6nnen Sie sich auf die nachstehenden Dokumente beziehen:<\/div>\t\t\t\t\t\t\t\t<\/div>\n\t\t\t\t<\/div>\n\t\t\t\t\t<\/div>\n\t\t\t\t<\/div>\n\t\t<div class=\"elementor-element elementor-element-a884faf e-flex e-con-boxed e-con e-parent\" data-id=\"a884faf\" data-element_type=\"container\">\n\t\t\t\t\t<div class=\"e-con-inner\">\n\t\t<div class=\"elementor-element elementor-element-7c18c53 e-grid e-con-full e-con e-child\" data-id=\"7c18c53\" data-element_type=\"container\">\n\t\t<a class=\"elementor-element elementor-element-e9bdf78 e-con-full e-flex e-con e-child\" data-id=\"e9bdf78\" data-element_type=\"container\" href=\"https:\/\/mediway.ch\/wp-content\/uploads\/2026\/04\/CG_merged_version_unifiee_20260409_ALL.pdf\" target=\"_blank\">\n\t\t\t\t<div class=\"elementor-element elementor-element-0d6bf25 elementor-view-default elementor-widget elementor-widget-icon\" data-id=\"0d6bf25\" data-element_type=\"widget\" data-widget_type=\"icon.default\">\n\t\t\t\t<div class=\"elementor-widget-container\">\n\t\t\t\t\t\t\t<div class=\"elementor-icon-wrapper\">\n\t\t\t<div class=\"elementor-icon\">\n\t\t\t<svg xmlns=\"http:\/\/www.w3.org\/2000\/svg\" width=\"44\" height=\"44\" viewBox=\"0 0 44 44\" fill=\"none\"><path d=\"M0 7.68399C0 3.44024 3.44024 0 7.68399 0H36.316C40.5598 0 44 3.44024 44 7.68399V36.316C44 40.5598 40.5598 44 36.316 44H7.68399C3.44024 44 0 40.5598 0 36.316V7.68399Z\" fill=\"#DBF2F2\"><\/path><path d=\"M31.6118 17.5976L25.5036 11.4895C25.381 11.3667 25.2147 11.2976 25.0412 11.2975H14.57C14.165 11.2975 13.7766 11.4584 13.4902 11.7447C13.2039 12.0311 13.043 12.4195 13.043 12.8245V32.0216C13.043 32.4266 13.2039 32.815 13.4902 33.1014C13.7766 33.3878 14.165 33.5487 14.57 33.5487H30.2767C30.6817 33.5487 31.0701 33.3878 31.3565 33.1014C31.6429 32.815 31.8038 32.4266 31.8038 32.0216V18.0601C31.8036 17.8866 31.7346 17.7202 31.6118 17.5976ZM25.6956 13.5313L29.5699 17.4057H25.6956V13.5313ZM30.2767 32.2398H14.57C14.5122 32.2398 14.4567 32.2168 14.4158 32.1759C14.3748 32.135 14.3519 32.0795 14.3519 32.0216V12.8245C14.3519 12.7667 14.3748 12.7112 14.4158 12.6703C14.4567 12.6294 14.5122 12.6064 14.57 12.6064H24.3867V18.0601C24.3867 18.2337 24.4557 18.4001 24.5784 18.5229C24.7011 18.6456 24.8676 18.7146 25.0412 18.7146H30.4949V32.0216C30.4949 32.0795 30.4719 32.135 30.431 32.1759C30.3901 32.2168 30.3346 32.2398 30.2767 32.2398ZM25.5036 25.451C25.6262 25.5737 25.695 25.74 25.695 25.9135C25.695 26.0869 25.6262 26.2532 25.5036 26.3759L22.8859 28.9937C22.7631 29.1163 22.5968 29.1851 22.4234 29.1851C22.2499 29.1851 22.0836 29.1163 21.9609 28.9937L19.3431 26.3759C19.2275 26.2519 19.1646 26.0878 19.1676 25.9183C19.1706 25.7487 19.2392 25.5869 19.3591 25.467C19.4791 25.3471 19.6408 25.2784 19.8104 25.2755C19.9799 25.2725 20.144 25.3354 20.2681 25.451L21.7689 26.9508V21.5505C21.7689 21.3769 21.8379 21.2105 21.9606 21.0877C22.0833 20.965 22.2498 20.896 22.4234 20.896C22.5969 20.896 22.7634 20.965 22.8861 21.0877C23.0089 21.2105 23.0778 21.3769 23.0778 21.5505V26.9508L24.5787 25.451C24.7014 25.3284 24.8677 25.2596 25.0412 25.2596C25.2146 25.2596 25.3809 25.3284 25.5036 25.451Z\" fill=\"#05807B\"><\/path><\/svg>\t\t\t<\/div>\n\t\t<\/div>\n\t\t\t\t\t\t<\/div>\n\t\t\t\t<\/div>\n\t\t\t\t<div class=\"elementor-element elementor-element-7a082a9 elementor-widget elementor-widget-text-editor\" data-id=\"7a082a9\" data-element_type=\"widget\" data-widget_type=\"text-editor.default\">\n\t\t\t\t<div class=\"elementor-widget-container\">\n\t\t\t\t\t\t\t\t\t<p>Allgemeine Gesch\u00e4ftsbedingungen<\/p>\t\t\t\t\t\t\t\t<\/div>\n\t\t\t\t<\/div>\n\t\t\t\t<\/a>\n\t\t<a class=\"elementor-element elementor-element-dd5ec16 e-con-full e-flex e-con e-child\" data-id=\"dd5ec16\" data-element_type=\"container\" href=\"https:\/\/mediway.ch\/wp-content\/uploads\/2025\/09\/DPALogival.pdf\" target=\"_blank\">\n\t\t\t\t<div class=\"elementor-element elementor-element-a26b6b1 elementor-view-default elementor-widget elementor-widget-icon\" data-id=\"a26b6b1\" data-element_type=\"widget\" data-widget_type=\"icon.default\">\n\t\t\t\t<div class=\"elementor-widget-container\">\n\t\t\t\t\t\t\t<div class=\"elementor-icon-wrapper\">\n\t\t\t<div class=\"elementor-icon\">\n\t\t\t<svg xmlns=\"http:\/\/www.w3.org\/2000\/svg\" width=\"44\" height=\"44\" viewBox=\"0 0 44 44\" fill=\"none\"><path d=\"M0 7.68399C0 3.44024 3.44024 0 7.68399 0H36.316C40.5598 0 44 3.44024 44 7.68399V36.316C44 40.5598 40.5598 44 36.316 44H7.68399C3.44024 44 0 40.5598 0 36.316V7.68399Z\" fill=\"#DBF2F2\"><\/path><path d=\"M31.6118 17.5976L25.5036 11.4895C25.381 11.3667 25.2147 11.2976 25.0412 11.2975H14.57C14.165 11.2975 13.7766 11.4584 13.4902 11.7447C13.2039 12.0311 13.043 12.4195 13.043 12.8245V32.0216C13.043 32.4266 13.2039 32.815 13.4902 33.1014C13.7766 33.3878 14.165 33.5487 14.57 33.5487H30.2767C30.6817 33.5487 31.0701 33.3878 31.3565 33.1014C31.6429 32.815 31.8038 32.4266 31.8038 32.0216V18.0601C31.8036 17.8866 31.7346 17.7202 31.6118 17.5976ZM25.6956 13.5313L29.5699 17.4057H25.6956V13.5313ZM30.2767 32.2398H14.57C14.5122 32.2398 14.4567 32.2168 14.4158 32.1759C14.3748 32.135 14.3519 32.0795 14.3519 32.0216V12.8245C14.3519 12.7667 14.3748 12.7112 14.4158 12.6703C14.4567 12.6294 14.5122 12.6064 14.57 12.6064H24.3867V18.0601C24.3867 18.2337 24.4557 18.4001 24.5784 18.5229C24.7011 18.6456 24.8676 18.7146 25.0412 18.7146H30.4949V32.0216C30.4949 32.0795 30.4719 32.135 30.431 32.1759C30.3901 32.2168 30.3346 32.2398 30.2767 32.2398ZM25.5036 25.451C25.6262 25.5737 25.695 25.74 25.695 25.9135C25.695 26.0869 25.6262 26.2532 25.5036 26.3759L22.8859 28.9937C22.7631 29.1163 22.5968 29.1851 22.4234 29.1851C22.2499 29.1851 22.0836 29.1163 21.9609 28.9937L19.3431 26.3759C19.2275 26.2519 19.1646 26.0878 19.1676 25.9183C19.1706 25.7487 19.2392 25.5869 19.3591 25.467C19.4791 25.3471 19.6408 25.2784 19.8104 25.2755C19.9799 25.2725 20.144 25.3354 20.2681 25.451L21.7689 26.9508V21.5505C21.7689 21.3769 21.8379 21.2105 21.9606 21.0877C22.0833 20.965 22.2498 20.896 22.4234 20.896C22.5969 20.896 22.7634 20.965 22.8861 21.0877C23.0089 21.2105 23.0778 21.3769 23.0778 21.5505V26.9508L24.5787 25.451C24.7014 25.3284 24.8677 25.2596 25.0412 25.2596C25.2146 25.2596 25.3809 25.3284 25.5036 25.451Z\" fill=\"#05807B\"><\/path><\/svg>\t\t\t<\/div>\n\t\t<\/div>\n\t\t\t\t\t\t<\/div>\n\t\t\t\t<\/div>\n\t\t\t\t<div class=\"elementor-element elementor-element-3270af6 elementor-widget elementor-widget-text-editor\" data-id=\"3270af6\" data-element_type=\"widget\" data-widget_type=\"text-editor.default\">\n\t\t\t\t<div class=\"elementor-widget-container\">\n\t\t\t\t\t\t\t\t\t<p>Anh\u00e4nge zu den Allgemeinen Gesch\u00e4ftsbedingungen<\/p>\t\t\t\t\t\t\t\t<\/div>\n\t\t\t\t<\/div>\n\t\t\t\t<\/a>\n\t\t<a class=\"elementor-element elementor-element-74f244f e-con-full e-flex e-con e-child\" data-id=\"74f244f\" data-element_type=\"container\" href=\"https:\/\/mediway.ch\/wp-content\/uploads\/2025\/09\/Dclarationprotectiondonnes-clientle.pdf\" target=\"_blank\">\n\t\t\t\t<div class=\"elementor-element elementor-element-34742d6 elementor-view-default elementor-widget elementor-widget-icon\" data-id=\"34742d6\" data-element_type=\"widget\" data-widget_type=\"icon.default\">\n\t\t\t\t<div class=\"elementor-widget-container\">\n\t\t\t\t\t\t\t<div class=\"elementor-icon-wrapper\">\n\t\t\t<div class=\"elementor-icon\">\n\t\t\t<svg xmlns=\"http:\/\/www.w3.org\/2000\/svg\" width=\"44\" height=\"44\" viewBox=\"0 0 44 44\" fill=\"none\"><path d=\"M0 7.68399C0 3.44024 3.44024 0 7.68399 0H36.316C40.5598 0 44 3.44024 44 7.68399V36.316C44 40.5598 40.5598 44 36.316 44H7.68399C3.44024 44 0 40.5598 0 36.316V7.68399Z\" fill=\"#DBF2F2\"><\/path><path d=\"M31.6118 17.5976L25.5036 11.4895C25.381 11.3667 25.2147 11.2976 25.0412 11.2975H14.57C14.165 11.2975 13.7766 11.4584 13.4902 11.7447C13.2039 12.0311 13.043 12.4195 13.043 12.8245V32.0216C13.043 32.4266 13.2039 32.815 13.4902 33.1014C13.7766 33.3878 14.165 33.5487 14.57 33.5487H30.2767C30.6817 33.5487 31.0701 33.3878 31.3565 33.1014C31.6429 32.815 31.8038 32.4266 31.8038 32.0216V18.0601C31.8036 17.8866 31.7346 17.7202 31.6118 17.5976ZM25.6956 13.5313L29.5699 17.4057H25.6956V13.5313ZM30.2767 32.2398H14.57C14.5122 32.2398 14.4567 32.2168 14.4158 32.1759C14.3748 32.135 14.3519 32.0795 14.3519 32.0216V12.8245C14.3519 12.7667 14.3748 12.7112 14.4158 12.6703C14.4567 12.6294 14.5122 12.6064 14.57 12.6064H24.3867V18.0601C24.3867 18.2337 24.4557 18.4001 24.5784 18.5229C24.7011 18.6456 24.8676 18.7146 25.0412 18.7146H30.4949V32.0216C30.4949 32.0795 30.4719 32.135 30.431 32.1759C30.3901 32.2168 30.3346 32.2398 30.2767 32.2398ZM25.5036 25.451C25.6262 25.5737 25.695 25.74 25.695 25.9135C25.695 26.0869 25.6262 26.2532 25.5036 26.3759L22.8859 28.9937C22.7631 29.1163 22.5968 29.1851 22.4234 29.1851C22.2499 29.1851 22.0836 29.1163 21.9609 28.9937L19.3431 26.3759C19.2275 26.2519 19.1646 26.0878 19.1676 25.9183C19.1706 25.7487 19.2392 25.5869 19.3591 25.467C19.4791 25.3471 19.6408 25.2784 19.8104 25.2755C19.9799 25.2725 20.144 25.3354 20.2681 25.451L21.7689 26.9508V21.5505C21.7689 21.3769 21.8379 21.2105 21.9606 21.0877C22.0833 20.965 22.2498 20.896 22.4234 20.896C22.5969 20.896 22.7634 20.965 22.8861 21.0877C23.0089 21.2105 23.0778 21.3769 23.0778 21.5505V26.9508L24.5787 25.451C24.7014 25.3284 24.8677 25.2596 25.0412 25.2596C25.2146 25.2596 25.3809 25.3284 25.5036 25.451Z\" fill=\"#05807B\"><\/path><\/svg>\t\t\t<\/div>\n\t\t<\/div>\n\t\t\t\t\t\t<\/div>\n\t\t\t\t<\/div>\n\t\t\t\t<div class=\"elementor-element elementor-element-39c4828 elementor-widget elementor-widget-text-editor\" data-id=\"39c4828\" data-element_type=\"widget\" data-widget_type=\"text-editor.default\">\n\t\t\t\t<div class=\"elementor-widget-container\">\n\t\t\t\t\t\t\t\t\t<p>Datenschutzerkl\u00e4rung f\u00fcr Kundendaten<\/p>\t\t\t\t\t\t\t\t<\/div>\n\t\t\t\t<\/div>\n\t\t\t\t<\/a>\n\t\t<a class=\"elementor-element elementor-element-89e40c1 e-con-full e-flex e-con e-child\" data-id=\"89e40c1\" data-element_type=\"container\" href=\"https:\/\/mediway.ch\/wp-content\/uploads\/2025\/09\/MentionLgaleSiteInternet.pdf\" target=\"_blank\">\n\t\t\t\t<div class=\"elementor-element elementor-element-2c1870e elementor-view-default elementor-widget elementor-widget-icon\" data-id=\"2c1870e\" data-element_type=\"widget\" data-widget_type=\"icon.default\">\n\t\t\t\t<div class=\"elementor-widget-container\">\n\t\t\t\t\t\t\t<div class=\"elementor-icon-wrapper\">\n\t\t\t<div class=\"elementor-icon\">\n\t\t\t<svg xmlns=\"http:\/\/www.w3.org\/2000\/svg\" width=\"44\" height=\"44\" viewBox=\"0 0 44 44\" fill=\"none\"><path d=\"M0 7.68399C0 3.44024 3.44024 0 7.68399 0H36.316C40.5598 0 44 3.44024 44 7.68399V36.316C44 40.5598 40.5598 44 36.316 44H7.68399C3.44024 44 0 40.5598 0 36.316V7.68399Z\" fill=\"#DBF2F2\"><\/path><path d=\"M31.6118 17.5976L25.5036 11.4895C25.381 11.3667 25.2147 11.2976 25.0412 11.2975H14.57C14.165 11.2975 13.7766 11.4584 13.4902 11.7447C13.2039 12.0311 13.043 12.4195 13.043 12.8245V32.0216C13.043 32.4266 13.2039 32.815 13.4902 33.1014C13.7766 33.3878 14.165 33.5487 14.57 33.5487H30.2767C30.6817 33.5487 31.0701 33.3878 31.3565 33.1014C31.6429 32.815 31.8038 32.4266 31.8038 32.0216V18.0601C31.8036 17.8866 31.7346 17.7202 31.6118 17.5976ZM25.6956 13.5313L29.5699 17.4057H25.6956V13.5313ZM30.2767 32.2398H14.57C14.5122 32.2398 14.4567 32.2168 14.4158 32.1759C14.3748 32.135 14.3519 32.0795 14.3519 32.0216V12.8245C14.3519 12.7667 14.3748 12.7112 14.4158 12.6703C14.4567 12.6294 14.5122 12.6064 14.57 12.6064H24.3867V18.0601C24.3867 18.2337 24.4557 18.4001 24.5784 18.5229C24.7011 18.6456 24.8676 18.7146 25.0412 18.7146H30.4949V32.0216C30.4949 32.0795 30.4719 32.135 30.431 32.1759C30.3901 32.2168 30.3346 32.2398 30.2767 32.2398ZM25.5036 25.451C25.6262 25.5737 25.695 25.74 25.695 25.9135C25.695 26.0869 25.6262 26.2532 25.5036 26.3759L22.8859 28.9937C22.7631 29.1163 22.5968 29.1851 22.4234 29.1851C22.2499 29.1851 22.0836 29.1163 21.9609 28.9937L19.3431 26.3759C19.2275 26.2519 19.1646 26.0878 19.1676 25.9183C19.1706 25.7487 19.2392 25.5869 19.3591 25.467C19.4791 25.3471 19.6408 25.2784 19.8104 25.2755C19.9799 25.2725 20.144 25.3354 20.2681 25.451L21.7689 26.9508V21.5505C21.7689 21.3769 21.8379 21.2105 21.9606 21.0877C22.0833 20.965 22.2498 20.896 22.4234 20.896C22.5969 20.896 22.7634 20.965 22.8861 21.0877C23.0089 21.2105 23.0778 21.3769 23.0778 21.5505V26.9508L24.5787 25.451C24.7014 25.3284 24.8677 25.2596 25.0412 25.2596C25.2146 25.2596 25.3809 25.3284 25.5036 25.451Z\" fill=\"#05807B\"><\/path><\/svg>\t\t\t<\/div>\n\t\t<\/div>\n\t\t\t\t\t\t<\/div>\n\t\t\t\t<\/div>\n\t\t\t\t<div class=\"elementor-element elementor-element-ae45dd1 elementor-widget elementor-widget-text-editor\" data-id=\"ae45dd1\" data-element_type=\"widget\" data-widget_type=\"text-editor.default\">\n\t\t\t\t<div class=\"elementor-widget-container\">\n\t\t\t\t\t\t\t\t\t<p>Impressum der Website<\/p>\t\t\t\t\t\t\t\t<\/div>\n\t\t\t\t<\/div>\n\t\t\t\t<\/a>\n\t\t\t\t<\/div>\n\t\t\t\t\t<\/div>\n\t\t\t\t<\/div>\n\t\t\t\t<\/div>\n\t\t","protected":false},"excerpt":{"rendered":"<p>Datenschutzerkl\u00e4rung Als Mediway-Kunde unterliegen Sie den Allgemeinen Gesch\u00e4ftsbedingungen der Logival SA. Dar\u00fcber hinaus legen wir besonderen Wert auf den Schutz und die Sicherheit Ihrer personenbezogenen Daten. Deshalb verpflichten wir uns, Ihnen unsere Dienstleistungen in \u00dcbereinstimmung mit den anwendbaren Datenschutzgesetzen zu erbringen, insbesondere dem Bundesgesetz \u00fcber den Datenschutz (DSG). F\u00fcr weitere Informationen k\u00f6nnen Sie sich auf [&hellip;]<\/p>\n","protected":false},"author":1,"featured_media":0,"parent":0,"menu_order":0,"comment_status":"closed","ping_status":"closed","template":"","meta":{"_acf_changed":false,"footnotes":""},"class_list":["post-3906","page","type-page","status-publish","hentry"],"acf":[],"_links":{"self":[{"href":"https:\/\/mediway.ch\/de\/wp-json\/wp\/v2\/pages\/3906","targetHints":{"allow":["GET"]}}],"collection":[{"href":"https:\/\/mediway.ch\/de\/wp-json\/wp\/v2\/pages"}],"about":[{"href":"https:\/\/mediway.ch\/de\/wp-json\/wp\/v2\/types\/page"}],"author":[{"embeddable":true,"href":"https:\/\/mediway.ch\/de\/wp-json\/wp\/v2\/users\/1"}],"replies":[{"embeddable":true,"href":"https:\/\/mediway.ch\/de\/wp-json\/wp\/v2\/comments?post=3906"}],"version-history":[{"count":3,"href":"https:\/\/mediway.ch\/de\/wp-json\/wp\/v2\/pages\/3906\/revisions"}],"predecessor-version":[{"id":4217,"href":"https:\/\/mediway.ch\/de\/wp-json\/wp\/v2\/pages\/3906\/revisions\/4217"}],"wp:attachment":[{"href":"https:\/\/mediway.ch\/de\/wp-json\/wp\/v2\/media?parent=3906"}],"curies":[{"name":"wp","href":"https:\/\/api.w.org\/{rel}","templated":true}]}}